{"id":6845,"date":"2025-04-02T11:50:25","date_gmt":"2025-04-02T11:50:25","guid":{"rendered":"https:\/\/www.thegameroom.org\/de\/?page_id=6845"},"modified":"2025-11-24T12:33:06","modified_gmt":"2025-11-24T12:33:06","slug":"reklamationen","status":"publish","type":"page","link":"https:\/\/www.thegameroom.org\/de\/reklamationen\/","title":{"rendered":"Reklamationen"},"content":{"rendered":"\n<h1 class=\"wp-block-heading\" id=\"h-reklamationen\">Reklamationen<\/h1>\n\n\n\n<p>Es kann immer mal vorkommen, dass etwas nicht ganz nach Plan l\u00e4uft. In diesem Fall bitten wir dich, dich zun\u00e4chst direkt an uns zu wenden \u2013 am besten per E-Mail an <strong><a href=\"mailto:info@thegameroom.org\">info@thegameroom.org<\/a><\/strong>. Wir nehmen jede R\u00fcckmeldung ernst und bem\u00fchen uns, gemeinsam eine schnelle und faire L\u00f6sung zu finden.<\/p>\n\n\n\n<p>Sollte dein Anliegen auf diesem Weg nicht zu einer zufriedenstellenden L\u00f6sung f\u00fchren, hast du die M\u00f6glichkeit, eine au\u00dfergerichtliche Streitbeilegung in Anspruch zu nehmen. Seit dem 15. Februar 2016 stellt die Europ\u00e4ische Kommission hierf\u00fcr eine Plattform zur Online-Streitbeilegung (OS-Plattform) bereit. Diese findest du unter:<\/p>\n\n\n\n<p>\ud83d\udc49 <a class=\"\" href=\"http:\/\/ec.europa.eu\/odr\"><strong>http:\/\/ec.europa.eu\/odr<\/strong><\/a><\/p>\n\n\n\n<p>\u00dcber dieses Portal kannst du eine offizielle Beschwerde einreichen, sofern deine Beschwerde noch nicht anderweitig bearbeitet wird.<\/p>\n","protected":false},"excerpt":{"rendered":"<p>Reklamationen Es kann immer mal vorkommen, dass etwas nicht ganz nach Plan l\u00e4uft. In diesem Fall bitten wir dich, dich zun\u00e4chst direkt an uns zu wenden \u2013 am besten per E-Mail an info@thegameroom.org. Wir nehmen jede R\u00fcckmeldung ernst und bem\u00fchen uns, gemeinsam eine schnelle und faire L\u00f6sung zu finden. Sollte dein Anliegen auf diesem Weg &#8230; <a title=\"Reklamationen\" class=\"read-more\" href=\"https:\/\/www.thegameroom.org\/de\/reklamationen\/\" aria-label=\"Mehr Informationen \u00fcber Reklamationen\">Weiterlesen<\/a><\/p>\n","protected":false},"author":21,"featured_media":0,"parent":0,"menu_order":0,"comment_status":"closed","ping_status":"closed","template":"","meta":{"_acf_changed":false,"om_disable_all_campaigns":false,"footnotes":""},"class_list":["post-6845","page","type-page","status-publish"],"acf":[],"featured_image_src":null,"yoast_head":"<!-- This site is optimized with the Yoast SEO Premium plugin v27.5 (Yoast SEO v27.5) - https:\/\/yoast.com\/product\/yoast-seo-premium-wordpress\/ -->\n<title>Reklamationen<\/title>\n<meta name=\"description\" content=\"Ihr habt eine Beschwerde? Kontaktiert uns direkt oder nutzt die EU-Online-Streitbeilegung. Hier findet ihr Infos zu Reklamationen und Schlichtung.\" \/>\n<meta name=\"robots\" content=\"index, follow, max-snippet:-1, max-image-preview:large, max-video-preview:-1\" \/>\n<link rel=\"canonical\" href=\"https:\/\/www.thegameroom.org\/de\/reklamationen\/\" \/>\n<meta property=\"og:locale\" content=\"de_DE\" \/>\n<meta property=\"og:type\" content=\"article\" \/>\n<meta property=\"og:title\" content=\"Reklamationen\" \/>\n<meta property=\"og:description\" content=\"Ihr habt eine Beschwerde? Kontaktiert uns direkt oder nutzt die EU-Online-Streitbeilegung. Hier findet ihr Infos zu Reklamationen und Schlichtung.\" \/>\n<meta property=\"og:url\" content=\"https:\/\/www.thegameroom.org\/de\/reklamationen\/\" \/>\n<meta property=\"og:site_name\" content=\"The Game Room DE\" \/>\n<meta property=\"article:modified_time\" content=\"2025-11-24T12:33:06+00:00\" \/>\n<meta name=\"twitter:card\" content=\"summary_large_image\" \/>\n<meta name=\"twitter:label1\" content=\"Gesch\u00e4tzte Lesezeit\" \/>\n\t<meta name=\"twitter:data1\" content=\"1\u00a0Minute\" \/>\n<script type=\"application\/ld+json\" class=\"yoast-schema-graph\">{\"@context\":\"https:\\\/\\\/schema.org\",\"@graph\":[{\"@type\":\"WebPage\",\"@id\":\"https:\\\/\\\/www.thegameroom.org\\\/de\\\/reklamationen\\\/\",\"url\":\"https:\\\/\\\/www.thegameroom.org\\\/de\\\/reklamationen\\\/\",\"name\":\"Reklamationen\",\"isPartOf\":{\"@id\":\"https:\\\/\\\/www.thegameroom.org\\\/de\\\/#website\"},\"datePublished\":\"2025-04-02T11:50:25+00:00\",\"dateModified\":\"2025-11-24T12:33:06+00:00\",\"description\":\"Ihr habt eine Beschwerde? Kontaktiert uns direkt oder nutzt die EU-Online-Streitbeilegung. Hier findet ihr Infos zu Reklamationen und Schlichtung.\",\"breadcrumb\":{\"@id\":\"https:\\\/\\\/www.thegameroom.org\\\/de\\\/reklamationen\\\/#breadcrumb\"},\"inLanguage\":\"de\",\"potentialAction\":[{\"@type\":\"ReadAction\",\"target\":[\"https:\\\/\\\/www.thegameroom.org\\\/de\\\/reklamationen\\\/\"]}]},{\"@type\":\"BreadcrumbList\",\"@id\":\"https:\\\/\\\/www.thegameroom.org\\\/de\\\/reklamationen\\\/#breadcrumb\",\"itemListElement\":[{\"@type\":\"ListItem\",\"position\":1,\"name\":\"Home\",\"item\":\"https:\\\/\\\/www.thegameroom.org\\\/de\\\/\"},{\"@type\":\"ListItem\",\"position\":2,\"name\":\"Reklamationen\"}]},{\"@type\":\"WebSite\",\"@id\":\"https:\\\/\\\/www.thegameroom.org\\\/de\\\/#website\",\"url\":\"https:\\\/\\\/www.thegameroom.org\\\/de\\\/\",\"name\":\"The Game Room DE\",\"description\":\"TheGameRoom\u00a0is sinds 2017 de plek om uitgebreide informatie en spelregels\u00a0te vinden over allerhande spellen. Het platform is opgericht omdat wij als spelletjesliefhebbers regelmatig discussies hebben over de (interpretatie) van de spelregels. Sinds 2022 is het ook mogelijk om bij\u00a0The Gameroom Shop spellletjes aan te schaffen. Wij proberen een zo gevarieerd en uniek mogelijk aanbod te bieden, voor alle spelletjesliefhebbers.\",\"publisher\":{\"@id\":\"https:\\\/\\\/www.thegameroom.org\\\/de\\\/#organization\"},\"potentialAction\":[{\"@type\":\"SearchAction\",\"target\":{\"@type\":\"EntryPoint\",\"urlTemplate\":\"https:\\\/\\\/www.thegameroom.org\\\/de\\\/?s={search_term_string}\"},\"query-input\":{\"@type\":\"PropertyValueSpecification\",\"valueRequired\":true,\"valueName\":\"search_term_string\"}}],\"inLanguage\":\"de\"},{\"@type\":\"Organization\",\"@id\":\"https:\\\/\\\/www.thegameroom.org\\\/de\\\/#organization\",\"name\":\"The Game Room\",\"url\":\"https:\\\/\\\/www.thegameroom.org\\\/de\\\/\",\"logo\":{\"@type\":\"ImageObject\",\"inLanguage\":\"de\",\"@id\":\"https:\\\/\\\/www.thegameroom.org\\\/de\\\/#\\\/schema\\\/logo\\\/image\\\/\",\"url\":\"https:\\\/\\\/www.thegameroom.org\\\/de\\\/wp-content\\\/uploads\\\/sites\\\/2\\\/2025\\\/05\\\/thegameroom-favicon-nieuw.png\",\"contentUrl\":\"https:\\\/\\\/www.thegameroom.org\\\/de\\\/wp-content\\\/uploads\\\/sites\\\/2\\\/2025\\\/05\\\/thegameroom-favicon-nieuw.png\",\"width\":192,\"height\":192,\"caption\":\"The Game Room\"},\"image\":{\"@id\":\"https:\\\/\\\/www.thegameroom.org\\\/de\\\/#\\\/schema\\\/logo\\\/image\\\/\"},\"email\":\"info@thegameroom.org\"}]}<\/script>\n<!-- \/ Yoast SEO Premium plugin. -->","yoast_head_json":{"title":"Reklamationen","description":"Ihr habt eine Beschwerde? Kontaktiert uns direkt oder nutzt die EU-Online-Streitbeilegung. Hier findet ihr Infos zu Reklamationen und Schlichtung.","robots":{"index":"index","follow":"follow","max-snippet":"max-snippet:-1","max-image-preview":"max-image-preview:large","max-video-preview":"max-video-preview:-1"},"canonical":"https:\/\/www.thegameroom.org\/de\/reklamationen\/","og_locale":"de_DE","og_type":"article","og_title":"Reklamationen","og_description":"Ihr habt eine Beschwerde? Kontaktiert uns direkt oder nutzt die EU-Online-Streitbeilegung. Hier findet ihr Infos zu Reklamationen und Schlichtung.","og_url":"https:\/\/www.thegameroom.org\/de\/reklamationen\/","og_site_name":"The Game Room DE","article_modified_time":"2025-11-24T12:33:06+00:00","twitter_card":"summary_large_image","twitter_misc":{"Gesch\u00e4tzte Lesezeit":"1\u00a0Minute"},"schema":{"@context":"https:\/\/schema.org","@graph":[{"@type":"WebPage","@id":"https:\/\/www.thegameroom.org\/de\/reklamationen\/","url":"https:\/\/www.thegameroom.org\/de\/reklamationen\/","name":"Reklamationen","isPartOf":{"@id":"https:\/\/www.thegameroom.org\/de\/#website"},"datePublished":"2025-04-02T11:50:25+00:00","dateModified":"2025-11-24T12:33:06+00:00","description":"Ihr habt eine Beschwerde? Kontaktiert uns direkt oder nutzt die EU-Online-Streitbeilegung. Hier findet ihr Infos zu Reklamationen und Schlichtung.","breadcrumb":{"@id":"https:\/\/www.thegameroom.org\/de\/reklamationen\/#breadcrumb"},"inLanguage":"de","potentialAction":[{"@type":"ReadAction","target":["https:\/\/www.thegameroom.org\/de\/reklamationen\/"]}]},{"@type":"BreadcrumbList","@id":"https:\/\/www.thegameroom.org\/de\/reklamationen\/#breadcrumb","itemListElement":[{"@type":"ListItem","position":1,"name":"Home","item":"https:\/\/www.thegameroom.org\/de\/"},{"@type":"ListItem","position":2,"name":"Reklamationen"}]},{"@type":"WebSite","@id":"https:\/\/www.thegameroom.org\/de\/#website","url":"https:\/\/www.thegameroom.org\/de\/","name":"The Game Room DE","description":"TheGameRoom\u00a0is sinds 2017 de plek om uitgebreide informatie en spelregels\u00a0te vinden over allerhande spellen. Het platform is opgericht omdat wij als spelletjesliefhebbers regelmatig discussies hebben over de (interpretatie) van de spelregels. Sinds 2022 is het ook mogelijk om bij\u00a0The Gameroom Shop spellletjes aan te schaffen. Wij proberen een zo gevarieerd en uniek mogelijk aanbod te bieden, voor alle spelletjesliefhebbers.","publisher":{"@id":"https:\/\/www.thegameroom.org\/de\/#organization"},"potentialAction":[{"@type":"SearchAction","target":{"@type":"EntryPoint","urlTemplate":"https:\/\/www.thegameroom.org\/de\/?s={search_term_string}"},"query-input":{"@type":"PropertyValueSpecification","valueRequired":true,"valueName":"search_term_string"}}],"inLanguage":"de"},{"@type":"Organization","@id":"https:\/\/www.thegameroom.org\/de\/#organization","name":"The Game Room","url":"https:\/\/www.thegameroom.org\/de\/","logo":{"@type":"ImageObject","inLanguage":"de","@id":"https:\/\/www.thegameroom.org\/de\/#\/schema\/logo\/image\/","url":"https:\/\/www.thegameroom.org\/de\/wp-content\/uploads\/sites\/2\/2025\/05\/thegameroom-favicon-nieuw.png","contentUrl":"https:\/\/www.thegameroom.org\/de\/wp-content\/uploads\/sites\/2\/2025\/05\/thegameroom-favicon-nieuw.png","width":192,"height":192,"caption":"The Game Room"},"image":{"@id":"https:\/\/www.thegameroom.org\/de\/#\/schema\/logo\/image\/"},"email":"info@thegameroom.org"}]}},"_links":{"self":[{"href":"https:\/\/www.thegameroom.org\/de\/wp-json\/wp\/v2\/pages\/6845","targetHints":{"allow":["GET"]}}],"collection":[{"href":"https:\/\/www.thegameroom.org\/de\/wp-json\/wp\/v2\/pages"}],"about":[{"href":"https:\/\/www.thegameroom.org\/de\/wp-json\/wp\/v2\/types\/page"}],"author":[{"embeddable":true,"href":"https:\/\/www.thegameroom.org\/de\/wp-json\/wp\/v2\/users\/21"}],"replies":[{"embeddable":true,"href":"https:\/\/www.thegameroom.org\/de\/wp-json\/wp\/v2\/comments?post=6845"}],"version-history":[{"count":1,"href":"https:\/\/www.thegameroom.org\/de\/wp-json\/wp\/v2\/pages\/6845\/revisions"}],"predecessor-version":[{"id":6846,"href":"https:\/\/www.thegameroom.org\/de\/wp-json\/wp\/v2\/pages\/6845\/revisions\/6846"}],"wp:attachment":[{"href":"https:\/\/www.thegameroom.org\/de\/wp-json\/wp\/v2\/media?parent=6845"}],"curies":[{"name":"wp","href":"https:\/\/api.w.org\/{rel}","templated":true}]}}