{"id":6848,"date":"2025-04-02T11:59:12","date_gmt":"2025-04-02T11:59:12","guid":{"rendered":"https:\/\/www.thegameroom.org\/de\/?page_id=6848"},"modified":"2025-04-02T11:59:12","modified_gmt":"2025-04-02T11:59:12","slug":"haftungsausschluss","status":"publish","type":"page","link":"https:\/\/www.thegameroom.org\/de\/haftungsausschluss\/","title":{"rendered":"Haftungsausschluss"},"content":{"rendered":"\n<h1 class=\"wp-block-heading\" id=\"h-haftungsausschluss\">Haftungsausschluss<\/h1>\n\n\n\n<p>Zur Klarstellung weist <strong>The Game Room<\/strong> (nachfolgend: \u201eThe Game Room\u201c) im Hinblick auf die Website <strong><a class=\"\" href=\"http:\/\/www.thegameroom.org\">www.thegameroom.org<\/a><\/strong> (\u201edie Website\u201c) auf Folgendes hin:<\/p>\n\n\n\n<p>S\u00e4mtliche Inhalte der Website, des Onlineshops und des Newsletters \u2013 mit Ausnahme bestimmter (Hyper-)Links \u2013 sind Eigentum von The Game Room. Eine Ver\u00f6ffentlichung, Vervielf\u00e4ltigung oder Speicherung von Inhalten oder Teilen davon ist ohne ausdr\u00fcckliche schriftliche Genehmigung von The Game Room nicht gestattet. Die Nutzung f\u00fcr private, nicht-kommerzielle Zwecke ist hiervon selbstverst\u00e4ndlich ausgenommen.<\/p>\n\n\n\n<p>Trotz gr\u00f6\u00dfter Sorgfalt bei der Erstellung und Pflege unserer Website und Newsletter kann es vorkommen, dass Informationen (z.\u202fB. Preise oder Produktdetails) unvollst\u00e4ndig oder fehlerhaft dargestellt sind. Aus solchen Irrt\u00fcmern k\u00f6nnen keine Anspr\u00fcche auf Lieferung oder Vertragserf\u00fcllung abgeleitet werden. The Game Room beh\u00e4lt sich das Recht vor, Bestellungen im Falle von fehlerhaften Angaben zu stornieren.<\/p>\n\n\n\n<p>Die Inhalte der Website werden regelm\u00e4\u00dfig \u00fcberarbeitet und aktualisiert. The Game Room beh\u00e4lt sich das Recht vor, \u00c4nderungen \u2013 auch aktionsbezogener Bedingungen \u2013 jederzeit und ohne Vorank\u00fcndigung vorzunehmen oder Aktionen vorzeitig zu beenden.<\/p>\n\n\n\n<p>Alle Informationen, Produkte und Dienstleistungen werden \u201ewie besehen\u201c bereitgestellt \u2013 ohne jegliche ausdr\u00fcckliche oder stillschweigende Gew\u00e4hrleistung hinsichtlich ihrer Verf\u00fcgbarkeit, Qualit\u00e4t, Eignung f\u00fcr einen bestimmten Zweck oder sonstiger Eigenschaften.<\/p>\n\n\n\n<p>Bestimmte (Hyper-)Links innerhalb unserer Website oder Newsletter f\u00fchren zu externen Websites, die au\u00dferhalb des Einflussbereichs von The Game Room liegen. Mit dem Anklicken solcher Links verl\u00e4sst du unsere Website. The Game Room \u00fcbernimmt keine Verantwortung oder Haftung f\u00fcr die Inhalte externer Seiten.<\/p>\n\n\n\n<p>The Game Room schlie\u00dft jegliche Haftung f\u00fcr direkte oder indirekte Sch\u00e4den aus, die sich aus der Nutzung der Website oder des Newsletters ergeben oder damit in Zusammenhang stehen \u2013 gleich welcher Art und aus welchem Rechtsgrund.<\/p>\n","protected":false},"excerpt":{"rendered":"<p>Haftungsausschluss Zur Klarstellung weist The Game Room (nachfolgend: \u201eThe Game Room\u201c) im Hinblick auf die Website www.thegameroom.org (\u201edie Website\u201c) auf Folgendes hin: S\u00e4mtliche Inhalte der Website, des Onlineshops und des Newsletters \u2013 mit Ausnahme bestimmter (Hyper-)Links \u2013 sind Eigentum von The Game Room. Eine Ver\u00f6ffentlichung, Vervielf\u00e4ltigung oder Speicherung von Inhalten oder Teilen davon ist ohne &#8230; <a title=\"Haftungsausschluss\" class=\"read-more\" href=\"https:\/\/www.thegameroom.org\/de\/haftungsausschluss\/\" aria-label=\"Mehr Informationen \u00fcber Haftungsausschluss\">Weiterlesen<\/a><\/p>\n","protected":false},"author":21,"featured_media":0,"parent":0,"menu_order":0,"comment_status":"closed","ping_status":"closed","template":"","meta":{"_acf_changed":false,"om_disable_all_campaigns":false,"footnotes":""},"class_list":["post-6848","page","type-page","status-publish"],"acf":[],"featured_image_src":null,"yoast_head":"<!-- This site is optimized with the Yoast SEO Premium plugin v27.5 (Yoast SEO v27.5) - https:\/\/yoast.com\/product\/yoast-seo-premium-wordpress\/ -->\n<title>Haftungsausschluss<\/title>\n<meta name=\"description\" content=\"Erfahre alles \u00fcber Urheberrecht, externe Links, Haftung und den Umgang mit fehlerhaften Informationen auf unserer Website und im Newsletter.\" \/>\n<meta name=\"robots\" content=\"index, follow, max-snippet:-1, max-image-preview:large, max-video-preview:-1\" \/>\n<link rel=\"canonical\" href=\"https:\/\/www.thegameroom.org\/de\/haftungsausschluss\/\" \/>\n<meta property=\"og:locale\" content=\"de_DE\" \/>\n<meta property=\"og:type\" content=\"article\" \/>\n<meta property=\"og:title\" content=\"Haftungsausschluss\" \/>\n<meta property=\"og:description\" content=\"Erfahre alles \u00fcber Urheberrecht, externe Links, Haftung und den Umgang mit fehlerhaften Informationen auf unserer Website und im Newsletter.\" \/>\n<meta property=\"og:url\" content=\"https:\/\/www.thegameroom.org\/de\/haftungsausschluss\/\" \/>\n<meta property=\"og:site_name\" content=\"The Game Room DE\" \/>\n<meta name=\"twitter:card\" content=\"summary_large_image\" \/>\n<meta name=\"twitter:label1\" content=\"Gesch\u00e4tzte Lesezeit\" \/>\n\t<meta name=\"twitter:data1\" content=\"2\u00a0Minuten\" \/>\n<script type=\"application\/ld+json\" class=\"yoast-schema-graph\">{\"@context\":\"https:\\\/\\\/schema.org\",\"@graph\":[{\"@type\":\"WebPage\",\"@id\":\"https:\\\/\\\/www.thegameroom.org\\\/de\\\/haftungsausschluss\\\/\",\"url\":\"https:\\\/\\\/www.thegameroom.org\\\/de\\\/haftungsausschluss\\\/\",\"name\":\"Haftungsausschluss\",\"isPartOf\":{\"@id\":\"https:\\\/\\\/www.thegameroom.org\\\/de\\\/#website\"},\"datePublished\":\"2025-04-02T11:59:12+00:00\",\"description\":\"Erfahre alles \u00fcber Urheberrecht, externe Links, Haftung und den Umgang mit fehlerhaften Informationen auf unserer Website und im Newsletter.\",\"breadcrumb\":{\"@id\":\"https:\\\/\\\/www.thegameroom.org\\\/de\\\/haftungsausschluss\\\/#breadcrumb\"},\"inLanguage\":\"de\",\"potentialAction\":[{\"@type\":\"ReadAction\",\"target\":[\"https:\\\/\\\/www.thegameroom.org\\\/de\\\/haftungsausschluss\\\/\"]}]},{\"@type\":\"BreadcrumbList\",\"@id\":\"https:\\\/\\\/www.thegameroom.org\\\/de\\\/haftungsausschluss\\\/#breadcrumb\",\"itemListElement\":[{\"@type\":\"ListItem\",\"position\":1,\"name\":\"Home\",\"item\":\"https:\\\/\\\/www.thegameroom.org\\\/de\\\/\"},{\"@type\":\"ListItem\",\"position\":2,\"name\":\"Haftungsausschluss\"}]},{\"@type\":\"WebSite\",\"@id\":\"https:\\\/\\\/www.thegameroom.org\\\/de\\\/#website\",\"url\":\"https:\\\/\\\/www.thegameroom.org\\\/de\\\/\",\"name\":\"The Game Room DE\",\"description\":\"TheGameRoom\u00a0is sinds 2017 de plek om uitgebreide informatie en spelregels\u00a0te vinden over allerhande spellen. Het platform is opgericht omdat wij als spelletjesliefhebbers regelmatig discussies hebben over de (interpretatie) van de spelregels. Sinds 2022 is het ook mogelijk om bij\u00a0The Gameroom Shop spellletjes aan te schaffen. Wij proberen een zo gevarieerd en uniek mogelijk aanbod te bieden, voor alle spelletjesliefhebbers.\",\"publisher\":{\"@id\":\"https:\\\/\\\/www.thegameroom.org\\\/de\\\/#organization\"},\"potentialAction\":[{\"@type\":\"SearchAction\",\"target\":{\"@type\":\"EntryPoint\",\"urlTemplate\":\"https:\\\/\\\/www.thegameroom.org\\\/de\\\/?s={search_term_string}\"},\"query-input\":{\"@type\":\"PropertyValueSpecification\",\"valueRequired\":true,\"valueName\":\"search_term_string\"}}],\"inLanguage\":\"de\"},{\"@type\":\"Organization\",\"@id\":\"https:\\\/\\\/www.thegameroom.org\\\/de\\\/#organization\",\"name\":\"The Game Room\",\"url\":\"https:\\\/\\\/www.thegameroom.org\\\/de\\\/\",\"logo\":{\"@type\":\"ImageObject\",\"inLanguage\":\"de\",\"@id\":\"https:\\\/\\\/www.thegameroom.org\\\/de\\\/#\\\/schema\\\/logo\\\/image\\\/\",\"url\":\"https:\\\/\\\/www.thegameroom.org\\\/de\\\/wp-content\\\/uploads\\\/sites\\\/2\\\/2025\\\/05\\\/thegameroom-favicon-nieuw.png\",\"contentUrl\":\"https:\\\/\\\/www.thegameroom.org\\\/de\\\/wp-content\\\/uploads\\\/sites\\\/2\\\/2025\\\/05\\\/thegameroom-favicon-nieuw.png\",\"width\":192,\"height\":192,\"caption\":\"The Game Room\"},\"image\":{\"@id\":\"https:\\\/\\\/www.thegameroom.org\\\/de\\\/#\\\/schema\\\/logo\\\/image\\\/\"},\"email\":\"info@thegameroom.org\"}]}<\/script>\n<!-- \/ Yoast SEO Premium plugin. -->","yoast_head_json":{"title":"Haftungsausschluss","description":"Erfahre alles \u00fcber Urheberrecht, externe Links, Haftung und den Umgang mit fehlerhaften Informationen auf unserer Website und im Newsletter.","robots":{"index":"index","follow":"follow","max-snippet":"max-snippet:-1","max-image-preview":"max-image-preview:large","max-video-preview":"max-video-preview:-1"},"canonical":"https:\/\/www.thegameroom.org\/de\/haftungsausschluss\/","og_locale":"de_DE","og_type":"article","og_title":"Haftungsausschluss","og_description":"Erfahre alles \u00fcber Urheberrecht, externe Links, Haftung und den Umgang mit fehlerhaften Informationen auf unserer Website und im Newsletter.","og_url":"https:\/\/www.thegameroom.org\/de\/haftungsausschluss\/","og_site_name":"The Game Room DE","twitter_card":"summary_large_image","twitter_misc":{"Gesch\u00e4tzte Lesezeit":"2\u00a0Minuten"},"schema":{"@context":"https:\/\/schema.org","@graph":[{"@type":"WebPage","@id":"https:\/\/www.thegameroom.org\/de\/haftungsausschluss\/","url":"https:\/\/www.thegameroom.org\/de\/haftungsausschluss\/","name":"Haftungsausschluss","isPartOf":{"@id":"https:\/\/www.thegameroom.org\/de\/#website"},"datePublished":"2025-04-02T11:59:12+00:00","description":"Erfahre alles \u00fcber Urheberrecht, externe Links, Haftung und den Umgang mit fehlerhaften Informationen auf unserer Website und im Newsletter.","breadcrumb":{"@id":"https:\/\/www.thegameroom.org\/de\/haftungsausschluss\/#breadcrumb"},"inLanguage":"de","potentialAction":[{"@type":"ReadAction","target":["https:\/\/www.thegameroom.org\/de\/haftungsausschluss\/"]}]},{"@type":"BreadcrumbList","@id":"https:\/\/www.thegameroom.org\/de\/haftungsausschluss\/#breadcrumb","itemListElement":[{"@type":"ListItem","position":1,"name":"Home","item":"https:\/\/www.thegameroom.org\/de\/"},{"@type":"ListItem","position":2,"name":"Haftungsausschluss"}]},{"@type":"WebSite","@id":"https:\/\/www.thegameroom.org\/de\/#website","url":"https:\/\/www.thegameroom.org\/de\/","name":"The Game Room DE","description":"TheGameRoom\u00a0is sinds 2017 de plek om uitgebreide informatie en spelregels\u00a0te vinden over allerhande spellen. Het platform is opgericht omdat wij als spelletjesliefhebbers regelmatig discussies hebben over de (interpretatie) van de spelregels. Sinds 2022 is het ook mogelijk om bij\u00a0The Gameroom Shop spellletjes aan te schaffen. Wij proberen een zo gevarieerd en uniek mogelijk aanbod te bieden, voor alle spelletjesliefhebbers.","publisher":{"@id":"https:\/\/www.thegameroom.org\/de\/#organization"},"potentialAction":[{"@type":"SearchAction","target":{"@type":"EntryPoint","urlTemplate":"https:\/\/www.thegameroom.org\/de\/?s={search_term_string}"},"query-input":{"@type":"PropertyValueSpecification","valueRequired":true,"valueName":"search_term_string"}}],"inLanguage":"de"},{"@type":"Organization","@id":"https:\/\/www.thegameroom.org\/de\/#organization","name":"The Game Room","url":"https:\/\/www.thegameroom.org\/de\/","logo":{"@type":"ImageObject","inLanguage":"de","@id":"https:\/\/www.thegameroom.org\/de\/#\/schema\/logo\/image\/","url":"https:\/\/www.thegameroom.org\/de\/wp-content\/uploads\/sites\/2\/2025\/05\/thegameroom-favicon-nieuw.png","contentUrl":"https:\/\/www.thegameroom.org\/de\/wp-content\/uploads\/sites\/2\/2025\/05\/thegameroom-favicon-nieuw.png","width":192,"height":192,"caption":"The Game Room"},"image":{"@id":"https:\/\/www.thegameroom.org\/de\/#\/schema\/logo\/image\/"},"email":"info@thegameroom.org"}]}},"_links":{"self":[{"href":"https:\/\/www.thegameroom.org\/de\/wp-json\/wp\/v2\/pages\/6848","targetHints":{"allow":["GET"]}}],"collection":[{"href":"https:\/\/www.thegameroom.org\/de\/wp-json\/wp\/v2\/pages"}],"about":[{"href":"https:\/\/www.thegameroom.org\/de\/wp-json\/wp\/v2\/types\/page"}],"author":[{"embeddable":true,"href":"https:\/\/www.thegameroom.org\/de\/wp-json\/wp\/v2\/users\/21"}],"replies":[{"embeddable":true,"href":"https:\/\/www.thegameroom.org\/de\/wp-json\/wp\/v2\/comments?post=6848"}],"version-history":[{"count":1,"href":"https:\/\/www.thegameroom.org\/de\/wp-json\/wp\/v2\/pages\/6848\/revisions"}],"predecessor-version":[{"id":6852,"href":"https:\/\/www.thegameroom.org\/de\/wp-json\/wp\/v2\/pages\/6848\/revisions\/6852"}],"wp:attachment":[{"href":"https:\/\/www.thegameroom.org\/de\/wp-json\/wp\/v2\/media?parent=6848"}],"curies":[{"name":"wp","href":"https:\/\/api.w.org\/{rel}","templated":true}]}}