{"id":6997,"date":"2025-04-03T05:18:23","date_gmt":"2025-04-03T05:18:23","guid":{"rendered":"https:\/\/www.thegameroom.org\/de\/?page_id=6997"},"modified":"2025-11-24T12:30:16","modified_gmt":"2025-11-24T12:30:16","slug":"lisa-perez","status":"publish","type":"page","link":"https:\/\/www.thegameroom.org\/de\/ueber-uns\/lisa-perez\/","title":{"rendered":"Lisa Perez: Online Casino &amp; Sportwetten Experte"},"content":{"rendered":"\n<h1 class=\"wp-block-heading\" id=\"h-lisa-perez-lisa-perez-online-casino-amp-sportwetten-experte\">Lisa Perez: Lisa Perez: Online Casino &amp; Sportwetten Experte<\/h1>\n\n\n\n<div class=\"wp-block-columns is-layout-flex wp-container-core-columns-is-layout-9d6595d7 wp-block-columns-is-layout-flex\">\n<div class=\"wp-block-column is-layout-flow wp-block-column-is-layout-flow\"><div class=\"wp-block-image\">\n<figure class=\"aligncenter size-full is-resized\"><img decoding=\"async\" width=\"300\" height=\"300\" src=\"https:\/\/www.thegameroom.org\/de\/wp-content\/uploads\/sites\/2\/2025\/04\/Lisa-Perez-300px-TGR-DE.jpg\" alt=\"Lisa Perez 300px Online-Casino-Experte\" class=\"wp-image-6797\" style=\"object-fit:cover;width:300px;height:300px\" srcset=\"https:\/\/www.thegameroom.org\/de\/wp-content\/uploads\/sites\/2\/2025\/04\/Lisa-Perez-300px-TGR-DE.jpg 300w, https:\/\/www.thegameroom.org\/de\/wp-content\/uploads\/sites\/2\/2025\/04\/Lisa-Perez-300px-TGR-DE-150x150.jpg 150w\" sizes=\"(max-width: 300px) 100vw, 300px\" \/><\/figure>\n<\/div><\/div>\n\n\n\n<div class=\"wp-block-column is-layout-flow wp-block-column-is-layout-flow\">\n<p>Lisa Perez ist Expertin f\u00fcr Online Casinos und Sportwetten bei TheGameRoom \u2013 bekannt f\u00fcr ihren guten Riecher, wenn\u2019s um faire Bedingungen, starke Boni und echte Vorteile f\u00fcr euch geht. Sie nimmt Anbieter genau unter die Lupe, schaut kritisch auf Bonusbedingungen und entdeckt gerne das, was andere \u00fcbersehen. Ihr Ziel? Euch mit Tipps ausstatten, die sich beim Zocken und Wetten wirklich lohnen.<\/p>\n\n\n\n<blockquote class=\"wp-block-quote is-layout-flow wp-block-quote-is-layout-flow\">\n<p>Ich finde f\u00fcr euch die Boni \u2013 ob im Casino oder bei den Wetten \u2013 bei denen sich das Kleingedruckte wirklich lohnt. Und wenn nicht? Dann seid ihr die Ersten, die\u2019s von mir erfahren.<\/p>\n<\/blockquote>\n<\/div>\n<\/div>\n\n\n\n<hr class=\"wp-block-separator has-alpha-channel-opacity\"\/>\n\n\n\n<h2 class=\"wp-block-heading\" id=\"h-berufserfahrung\">Berufserfahrung<\/h2>\n\n\n\n<p>Lisa startete ihre Karriere als Content-Redakteurin bei CasinoCheck.de, wo sie zun\u00e4chst einfache Spielanleitungen schrieb \u2013 vom Slot bis zur Sportwette. Doch schnell wurde klar: Sie hat ein H\u00e4ndchen f\u00fcr tiefere Analysen und ein feines Gesp\u00fcr f\u00fcr faire Bonusangebote. Besonders ihre Artikel zu Bonusbedingungen und transparenter Anbieterkommunikation wurden zum Hit bei Leser*innen, die ehrliche Infos suchten.<\/p>\n\n\n\n<p>Danach ging\u2019s weiter zu PlaySelect.net, wo sie als Analystin internationale Casino- und Wettplattformen unter die Lupe nahm. Egal ob Zahlungsoptionen, Bonusstrukturen oder versteckte Klauseln \u2013 Lisa sp\u00fcrte auch die kleinsten Haken in den AGBs auf.<\/p>\n\n\n\n<p>Heute bringt sie dieses Know-how bei TheGameRoom ein \u2013 mit dem Ziel, euch dabei zu helfen, cleverer zu spielen, smarter zu wetten und das Beste aus jedem Angebot rauszuholen.<\/p>\n\n\n\n<hr class=\"wp-block-separator has-alpha-channel-opacity\"\/>\n\n\n\n<h2 class=\"wp-block-heading\" id=\"h-sachverstand\">Sachverstand<\/h2>\n\n\n\n<ul class=\"wp-block-list\">\n<li>Analyse und Bewertung von Bonusangeboten \u2013 ob Casino-Freispiele oder Sportwetten-Boosts, inkl. Umsatzbedingungen und Einschr\u00e4nkungen<\/li>\n\n\n\n<li>Aufsp\u00fcren von versteckten Vorteilen und Fallstricken in AGBs \u2013 bei Anbietern von Casino- und Wettplattformen<\/li>\n\n\n\n<li>Gr\u00fcndliche Tests von Zahlungsmethoden und Auszahlungsprozessen \u2013 inklusive Auszahlungsdauer, Limits und Geb\u00fchren<\/li>\n\n\n\n<li>Check von Transparenz, Fairness und Seriosit\u00e4t \u2013 bei internationalen Casinos und Buchmachern<\/li>\n\n\n\n<li>Verfassen leicht verst\u00e4ndlicher Guides \u2013 f\u00fcr Einsteigerinnen und erfahrene Spielerinnen, rund um Slots, Sportwetten und Boni<\/li>\n\n\n\n<li>Immer im Blick: Spielerorientierung und echter Mehrwert \u2013 statt leeren Versprechen<\/li>\n\n\n\n<li>Kombination aus Detailgenauigkeit und klarer Sprache \u2013 damit ihr sofort versteht, worauf\u2019s ankommt<\/li>\n<\/ul>\n\n\n\n<hr class=\"wp-block-separator has-alpha-channel-opacity\"\/>\n\n\n\n<h2 class=\"wp-block-heading\" id=\"h-ausbildung\">Ausbildung<\/h2>\n\n\n\n<p>Ludwig-Maximilians-Universit\u00e4t M\u00fcnchen (2009-2013)<\/p>\n\n\n\n<hr class=\"wp-block-separator has-alpha-channel-opacity\"\/>\n\n\n\n<h2 class=\"wp-block-heading\" id=\"h-artikel-von-lisa-perez\">Artikel von Lisa Perez<\/h2>\n\n\n<div class=\"selected-posts\"><div class=\"post-item\"><a href=\"https:\/\/www.thegameroom.org\/de\/online-casinos\/ohneoasis\/paysafecard\/\"><img decoding=\"async\" width=\"300\" height=\"150\" src=\"https:\/\/www.thegameroom.org\/de\/wp-content\/uploads\/sites\/2\/2025\/07\/Paysafecard-Casinos-ohne-OASIS-300x150.png\" class=\"attachment-medium size-medium wp-post-image\" alt=\"Paysafecard Casinos ohne OASIS\" srcset=\"https:\/\/www.thegameroom.org\/de\/wp-content\/uploads\/sites\/2\/2025\/07\/Paysafecard-Casinos-ohne-OASIS-300x150.png 300w, https:\/\/www.thegameroom.org\/de\/wp-content\/uploads\/sites\/2\/2025\/07\/Paysafecard-Casinos-ohne-OASIS.png 500w\" sizes=\"(max-width: 300px) 100vw, 300px\" \/><h3>Paysafecard Casino ohne OASIS: PSC ohne Sperrdatei nutzen<\/h3><\/a><\/div><div class=\"post-item\"><a href=\"https:\/\/www.thegameroom.org\/de\/online-casinos\/bonus\/bonus-crab\/\"><img decoding=\"async\" width=\"300\" height=\"150\" src=\"https:\/\/www.thegameroom.org\/de\/wp-content\/uploads\/sites\/2\/2025\/07\/Bonus-Crab-Casinos-300x150.png\" class=\"attachment-medium size-medium wp-post-image\" alt=\"Bonus Crab Casinos\" srcset=\"https:\/\/www.thegameroom.org\/de\/wp-content\/uploads\/sites\/2\/2025\/07\/Bonus-Crab-Casinos-300x150.png 300w, https:\/\/www.thegameroom.org\/de\/wp-content\/uploads\/sites\/2\/2025\/07\/Bonus-Crab-Casinos.png 500w\" sizes=\"(max-width: 300px) 100vw, 300px\" \/><h3>Online Casino mit Bonus Crab Angebot in Deutschland 2026<\/h3><\/a><\/div><div class=\"post-item\"><a href=\"https:\/\/www.thegameroom.org\/de\/online-casinos\/bonus\/code\/\"><img decoding=\"async\" width=\"300\" height=\"150\" src=\"https:\/\/www.thegameroom.org\/de\/wp-content\/uploads\/sites\/2\/2025\/07\/Casino-Bonus-Code-300x150.png\" class=\"attachment-medium size-medium wp-post-image\" alt=\"Casino Bonus Code\" srcset=\"https:\/\/www.thegameroom.org\/de\/wp-content\/uploads\/sites\/2\/2025\/07\/Casino-Bonus-Code-300x150.png 300w, https:\/\/www.thegameroom.org\/de\/wp-content\/uploads\/sites\/2\/2025\/07\/Casino-Bonus-Code.png 500w\" sizes=\"(max-width: 300px) 100vw, 300px\" \/><h3>Casino Bonus Code 2026: Top Promo Codes f\u00fcr Online Casinos<\/h3><\/a><\/div><div class=\"post-item\"><a href=\"https:\/\/www.thegameroom.org\/de\/online-casinos\/bonus\/200-prozent\/\"><img decoding=\"async\" width=\"300\" height=\"150\" src=\"https:\/\/www.thegameroom.org\/de\/wp-content\/uploads\/sites\/2\/2025\/07\/200-Casino-Bonus-300x150.png\" class=\"attachment-medium size-medium wp-post-image\" alt=\"200% Casino Bonus\" srcset=\"https:\/\/www.thegameroom.org\/de\/wp-content\/uploads\/sites\/2\/2025\/07\/200-Casino-Bonus-300x150.png 300w, https:\/\/www.thegameroom.org\/de\/wp-content\/uploads\/sites\/2\/2025\/07\/200-Casino-Bonus.png 500w\" sizes=\"(max-width: 300px) 100vw, 300px\" \/><h3>200% Casino Bonus: Online Casinos mit 200% Einzahlungsbonus<\/h3><\/a><\/div><\/div>","protected":false},"excerpt":{"rendered":"<p>Lisa Perez: Lisa Perez: Online Casino &amp; Sportwetten Experte Lisa Perez ist Expertin f\u00fcr Online Casinos und Sportwetten bei TheGameRoom \u2013 bekannt f\u00fcr ihren guten Riecher, wenn\u2019s um faire Bedingungen, starke Boni und echte Vorteile f\u00fcr euch geht. Sie nimmt Anbieter genau unter die Lupe, schaut kritisch auf Bonusbedingungen und entdeckt gerne das, was andere &#8230; <a title=\"Lisa Perez: Online Casino &amp; Sportwetten Experte\" class=\"read-more\" href=\"https:\/\/www.thegameroom.org\/de\/ueber-uns\/lisa-perez\/\" aria-label=\"Mehr Informationen \u00fcber Lisa Perez: Online Casino &amp; Sportwetten Experte\">Weiterlesen<\/a><\/p>\n","protected":false},"author":22,"featured_media":0,"parent":6794,"menu_order":0,"comment_status":"closed","ping_status":"closed","template":"","meta":{"_acf_changed":false,"om_disable_all_campaigns":false,"footnotes":""},"class_list":["post-6997","page","type-page","status-publish"],"acf":[],"featured_image_src":null,"yoast_head":"<!-- This site is optimized with the Yoast SEO Premium plugin v27.5 (Yoast SEO v27.5) - https:\/\/yoast.com\/product\/yoast-seo-premium-wordpress\/ -->\n<title>Lisa Perez: Online Casino &amp; Sportwetten Experte<\/title>\n<meta name=\"description\" content=\"Lerne Lisa Perez kennen, Online-Casino-Expertin bei TheGameRoom, die f\u00fcr euch faire Anbieter, starke Boni und wichtige Vorteile klar &amp; spielernah bewertet.\" \/>\n<meta name=\"robots\" content=\"index, follow, max-snippet:-1, max-image-preview:large, max-video-preview:-1\" \/>\n<link rel=\"canonical\" href=\"https:\/\/www.thegameroom.org\/de\/ueber-uns\/lisa-perez\/\" \/>\n<meta property=\"og:locale\" content=\"de_DE\" \/>\n<meta property=\"og:type\" content=\"article\" \/>\n<meta property=\"og:title\" content=\"Lisa Perez: Online Casino &amp; Sportwetten Experte\" \/>\n<meta property=\"og:description\" content=\"Lerne Lisa Perez kennen, Online-Casino-Expertin bei TheGameRoom, die f\u00fcr euch faire Anbieter, starke Boni und wichtige Vorteile klar &amp; spielernah bewertet.\" \/>\n<meta property=\"og:url\" content=\"https:\/\/www.thegameroom.org\/de\/ueber-uns\/lisa-perez\/\" \/>\n<meta property=\"og:site_name\" content=\"The Game Room DE\" \/>\n<meta property=\"article:modified_time\" content=\"2025-11-24T12:30:16+00:00\" \/>\n<meta property=\"og:image\" content=\"https:\/\/www.thegameroom.org\/de\/wp-content\/uploads\/sites\/2\/2025\/04\/Lisa-Perez-300px-TGR-DE.jpg\" \/>\n\t<meta property=\"og:image:width\" content=\"300\" \/>\n\t<meta property=\"og:image:height\" content=\"300\" \/>\n\t<meta property=\"og:image:type\" content=\"image\/jpeg\" \/>\n<meta name=\"twitter:card\" content=\"summary_large_image\" \/>\n<meta name=\"twitter:label1\" content=\"Gesch\u00e4tzte Lesezeit\" \/>\n\t<meta name=\"twitter:data1\" content=\"2\u00a0Minuten\" \/>\n<script type=\"application\/ld+json\" class=\"yoast-schema-graph\">{\"@context\":\"https:\\\/\\\/schema.org\",\"@graph\":[{\"@type\":\"WebPage\",\"@id\":\"https:\\\/\\\/www.thegameroom.org\\\/de\\\/ueber-uns\\\/lisa-perez\\\/\",\"url\":\"https:\\\/\\\/www.thegameroom.org\\\/de\\\/ueber-uns\\\/lisa-perez\\\/\",\"name\":\"Lisa Perez: Online Casino &amp; Sportwetten Experte\",\"isPartOf\":{\"@id\":\"https:\\\/\\\/www.thegameroom.org\\\/de\\\/#website\"},\"primaryImageOfPage\":{\"@id\":\"https:\\\/\\\/www.thegameroom.org\\\/de\\\/ueber-uns\\\/lisa-perez\\\/#primaryimage\"},\"image\":{\"@id\":\"https:\\\/\\\/www.thegameroom.org\\\/de\\\/ueber-uns\\\/lisa-perez\\\/#primaryimage\"},\"thumbnailUrl\":\"https:\\\/\\\/www.thegameroom.org\\\/de\\\/wp-content\\\/uploads\\\/sites\\\/2\\\/2025\\\/04\\\/Lisa-Perez-300px-TGR-DE.jpg\",\"datePublished\":\"2025-04-03T05:18:23+00:00\",\"dateModified\":\"2025-11-24T12:30:16+00:00\",\"description\":\"Lerne Lisa Perez kennen, Online-Casino-Expertin bei TheGameRoom, die f\u00fcr euch faire Anbieter, starke Boni und wichtige Vorteile klar & spielernah bewertet.\",\"breadcrumb\":{\"@id\":\"https:\\\/\\\/www.thegameroom.org\\\/de\\\/ueber-uns\\\/lisa-perez\\\/#breadcrumb\"},\"inLanguage\":\"de\",\"potentialAction\":[{\"@type\":\"ReadAction\",\"target\":[\"https:\\\/\\\/www.thegameroom.org\\\/de\\\/ueber-uns\\\/lisa-perez\\\/\"]}]},{\"@type\":\"ImageObject\",\"inLanguage\":\"de\",\"@id\":\"https:\\\/\\\/www.thegameroom.org\\\/de\\\/ueber-uns\\\/lisa-perez\\\/#primaryimage\",\"url\":\"https:\\\/\\\/www.thegameroom.org\\\/de\\\/wp-content\\\/uploads\\\/sites\\\/2\\\/2025\\\/04\\\/Lisa-Perez-300px-TGR-DE.jpg\",\"contentUrl\":\"https:\\\/\\\/www.thegameroom.org\\\/de\\\/wp-content\\\/uploads\\\/sites\\\/2\\\/2025\\\/04\\\/Lisa-Perez-300px-TGR-DE.jpg\",\"width\":300,\"height\":300,\"caption\":\"Lisa Perez: Casino & Sportwetten-Expertin\"},{\"@type\":\"BreadcrumbList\",\"@id\":\"https:\\\/\\\/www.thegameroom.org\\\/de\\\/ueber-uns\\\/lisa-perez\\\/#breadcrumb\",\"itemListElement\":[{\"@type\":\"ListItem\",\"position\":1,\"name\":\"Home\",\"item\":\"https:\\\/\\\/www.thegameroom.org\\\/de\\\/\"},{\"@type\":\"ListItem\",\"position\":2,\"name\":\"\u00dcber Uns\",\"item\":\"https:\\\/\\\/www.thegameroom.org\\\/de\\\/ueber-uns\\\/\"},{\"@type\":\"ListItem\",\"position\":3,\"name\":\"Lisa Perez\"}]},{\"@type\":\"WebSite\",\"@id\":\"https:\\\/\\\/www.thegameroom.org\\\/de\\\/#website\",\"url\":\"https:\\\/\\\/www.thegameroom.org\\\/de\\\/\",\"name\":\"The Game Room DE\",\"description\":\"TheGameRoom\u00a0is sinds 2017 de plek om uitgebreide informatie en spelregels\u00a0te vinden over allerhande spellen. Het platform is opgericht omdat wij als spelletjesliefhebbers regelmatig discussies hebben over de (interpretatie) van de spelregels. Sinds 2022 is het ook mogelijk om bij\u00a0The Gameroom Shop spellletjes aan te schaffen. Wij proberen een zo gevarieerd en uniek mogelijk aanbod te bieden, voor alle spelletjesliefhebbers.\",\"publisher\":{\"@id\":\"https:\\\/\\\/www.thegameroom.org\\\/de\\\/#organization\"},\"potentialAction\":[{\"@type\":\"SearchAction\",\"target\":{\"@type\":\"EntryPoint\",\"urlTemplate\":\"https:\\\/\\\/www.thegameroom.org\\\/de\\\/?s={search_term_string}\"},\"query-input\":{\"@type\":\"PropertyValueSpecification\",\"valueRequired\":true,\"valueName\":\"search_term_string\"}}],\"inLanguage\":\"de\"},{\"@type\":\"Organization\",\"@id\":\"https:\\\/\\\/www.thegameroom.org\\\/de\\\/#organization\",\"name\":\"The Game Room\",\"url\":\"https:\\\/\\\/www.thegameroom.org\\\/de\\\/\",\"logo\":{\"@type\":\"ImageObject\",\"inLanguage\":\"de\",\"@id\":\"https:\\\/\\\/www.thegameroom.org\\\/de\\\/#\\\/schema\\\/logo\\\/image\\\/\",\"url\":\"https:\\\/\\\/www.thegameroom.org\\\/de\\\/wp-content\\\/uploads\\\/sites\\\/2\\\/2025\\\/05\\\/thegameroom-favicon-nieuw.png\",\"contentUrl\":\"https:\\\/\\\/www.thegameroom.org\\\/de\\\/wp-content\\\/uploads\\\/sites\\\/2\\\/2025\\\/05\\\/thegameroom-favicon-nieuw.png\",\"width\":192,\"height\":192,\"caption\":\"The Game Room\"},\"image\":{\"@id\":\"https:\\\/\\\/www.thegameroom.org\\\/de\\\/#\\\/schema\\\/logo\\\/image\\\/\"},\"email\":\"info@thegameroom.org\"}]}<\/script>\n<!-- \/ Yoast SEO Premium plugin. -->","yoast_head_json":{"title":"Lisa Perez: Online Casino &amp; Sportwetten Experte","description":"Lerne Lisa Perez kennen, Online-Casino-Expertin bei TheGameRoom, die f\u00fcr euch faire Anbieter, starke Boni und wichtige Vorteile klar & spielernah bewertet.","robots":{"index":"index","follow":"follow","max-snippet":"max-snippet:-1","max-image-preview":"max-image-preview:large","max-video-preview":"max-video-preview:-1"},"canonical":"https:\/\/www.thegameroom.org\/de\/ueber-uns\/lisa-perez\/","og_locale":"de_DE","og_type":"article","og_title":"Lisa Perez: Online Casino &amp; Sportwetten Experte","og_description":"Lerne Lisa Perez kennen, Online-Casino-Expertin bei TheGameRoom, die f\u00fcr euch faire Anbieter, starke Boni und wichtige Vorteile klar & spielernah bewertet.","og_url":"https:\/\/www.thegameroom.org\/de\/ueber-uns\/lisa-perez\/","og_site_name":"The Game Room DE","article_modified_time":"2025-11-24T12:30:16+00:00","og_image":[{"width":300,"height":300,"url":"https:\/\/www.thegameroom.org\/de\/wp-content\/uploads\/sites\/2\/2025\/04\/Lisa-Perez-300px-TGR-DE.jpg","type":"image\/jpeg"}],"twitter_card":"summary_large_image","twitter_misc":{"Gesch\u00e4tzte Lesezeit":"2\u00a0Minuten"},"schema":{"@context":"https:\/\/schema.org","@graph":[{"@type":"WebPage","@id":"https:\/\/www.thegameroom.org\/de\/ueber-uns\/lisa-perez\/","url":"https:\/\/www.thegameroom.org\/de\/ueber-uns\/lisa-perez\/","name":"Lisa Perez: Online Casino &amp; Sportwetten Experte","isPartOf":{"@id":"https:\/\/www.thegameroom.org\/de\/#website"},"primaryImageOfPage":{"@id":"https:\/\/www.thegameroom.org\/de\/ueber-uns\/lisa-perez\/#primaryimage"},"image":{"@id":"https:\/\/www.thegameroom.org\/de\/ueber-uns\/lisa-perez\/#primaryimage"},"thumbnailUrl":"https:\/\/www.thegameroom.org\/de\/wp-content\/uploads\/sites\/2\/2025\/04\/Lisa-Perez-300px-TGR-DE.jpg","datePublished":"2025-04-03T05:18:23+00:00","dateModified":"2025-11-24T12:30:16+00:00","description":"Lerne Lisa Perez kennen, Online-Casino-Expertin bei TheGameRoom, die f\u00fcr euch faire Anbieter, starke Boni und wichtige Vorteile klar & spielernah bewertet.","breadcrumb":{"@id":"https:\/\/www.thegameroom.org\/de\/ueber-uns\/lisa-perez\/#breadcrumb"},"inLanguage":"de","potentialAction":[{"@type":"ReadAction","target":["https:\/\/www.thegameroom.org\/de\/ueber-uns\/lisa-perez\/"]}]},{"@type":"ImageObject","inLanguage":"de","@id":"https:\/\/www.thegameroom.org\/de\/ueber-uns\/lisa-perez\/#primaryimage","url":"https:\/\/www.thegameroom.org\/de\/wp-content\/uploads\/sites\/2\/2025\/04\/Lisa-Perez-300px-TGR-DE.jpg","contentUrl":"https:\/\/www.thegameroom.org\/de\/wp-content\/uploads\/sites\/2\/2025\/04\/Lisa-Perez-300px-TGR-DE.jpg","width":300,"height":300,"caption":"Lisa Perez: Casino & Sportwetten-Expertin"},{"@type":"BreadcrumbList","@id":"https:\/\/www.thegameroom.org\/de\/ueber-uns\/lisa-perez\/#breadcrumb","itemListElement":[{"@type":"ListItem","position":1,"name":"Home","item":"https:\/\/www.thegameroom.org\/de\/"},{"@type":"ListItem","position":2,"name":"\u00dcber Uns","item":"https:\/\/www.thegameroom.org\/de\/ueber-uns\/"},{"@type":"ListItem","position":3,"name":"Lisa Perez"}]},{"@type":"WebSite","@id":"https:\/\/www.thegameroom.org\/de\/#website","url":"https:\/\/www.thegameroom.org\/de\/","name":"The Game Room DE","description":"TheGameRoom\u00a0is sinds 2017 de plek om uitgebreide informatie en spelregels\u00a0te vinden over allerhande spellen. Het platform is opgericht omdat wij als spelletjesliefhebbers regelmatig discussies hebben over de (interpretatie) van de spelregels. Sinds 2022 is het ook mogelijk om bij\u00a0The Gameroom Shop spellletjes aan te schaffen. Wij proberen een zo gevarieerd en uniek mogelijk aanbod te bieden, voor alle spelletjesliefhebbers.","publisher":{"@id":"https:\/\/www.thegameroom.org\/de\/#organization"},"potentialAction":[{"@type":"SearchAction","target":{"@type":"EntryPoint","urlTemplate":"https:\/\/www.thegameroom.org\/de\/?s={search_term_string}"},"query-input":{"@type":"PropertyValueSpecification","valueRequired":true,"valueName":"search_term_string"}}],"inLanguage":"de"},{"@type":"Organization","@id":"https:\/\/www.thegameroom.org\/de\/#organization","name":"The Game Room","url":"https:\/\/www.thegameroom.org\/de\/","logo":{"@type":"ImageObject","inLanguage":"de","@id":"https:\/\/www.thegameroom.org\/de\/#\/schema\/logo\/image\/","url":"https:\/\/www.thegameroom.org\/de\/wp-content\/uploads\/sites\/2\/2025\/05\/thegameroom-favicon-nieuw.png","contentUrl":"https:\/\/www.thegameroom.org\/de\/wp-content\/uploads\/sites\/2\/2025\/05\/thegameroom-favicon-nieuw.png","width":192,"height":192,"caption":"The Game Room"},"image":{"@id":"https:\/\/www.thegameroom.org\/de\/#\/schema\/logo\/image\/"},"email":"info@thegameroom.org"}]}},"_links":{"self":[{"href":"https:\/\/www.thegameroom.org\/de\/wp-json\/wp\/v2\/pages\/6997","targetHints":{"allow":["GET"]}}],"collection":[{"href":"https:\/\/www.thegameroom.org\/de\/wp-json\/wp\/v2\/pages"}],"about":[{"href":"https:\/\/www.thegameroom.org\/de\/wp-json\/wp\/v2\/types\/page"}],"author":[{"embeddable":true,"href":"https:\/\/www.thegameroom.org\/de\/wp-json\/wp\/v2\/users\/22"}],"replies":[{"embeddable":true,"href":"https:\/\/www.thegameroom.org\/de\/wp-json\/wp\/v2\/comments?post=6997"}],"version-history":[{"count":4,"href":"https:\/\/www.thegameroom.org\/de\/wp-json\/wp\/v2\/pages\/6997\/revisions"}],"predecessor-version":[{"id":7446,"href":"https:\/\/www.thegameroom.org\/de\/wp-json\/wp\/v2\/pages\/6997\/revisions\/7446"}],"up":[{"embeddable":true,"href":"https:\/\/www.thegameroom.org\/de\/wp-json\/wp\/v2\/pages\/6794"}],"wp:attachment":[{"href":"https:\/\/www.thegameroom.org\/de\/wp-json\/wp\/v2\/media?parent=6997"}],"curies":[{"name":"wp","href":"https:\/\/api.w.org\/{rel}","templated":true}]}}