{"id":5303,"date":"2025-03-07T07:14:08","date_gmt":"2025-03-07T07:14:08","guid":{"rendered":"https:\/\/www.thegameroom.org\/dk\/?page_id=5303"},"modified":"2025-04-02T10:46:13","modified_gmt":"2025-04-02T10:46:13","slug":"returnerer","status":"publish","type":"page","link":"https:\/\/www.thegameroom.org\/dk\/returnerer\/","title":{"rendered":"Returnerer"},"content":{"rendered":"\n<h1 class=\"wp-block-heading\" id=\"h-returnerer\">Returnerer<\/h1>\n\n\n\n<p><strong>Vil du returnere en vare?<\/strong><br>Intet problem! Udfyld blot vores returformular her, men tag ogs\u00e5 et \u00f8jeblik til at l\u00e6se vores returpolitik:<\/p>\n\n\n\n<h3 class=\"wp-block-heading\"><strong>Returpolitik<\/strong><\/h3>\n\n\n\n<p>Vi vil s\u00e6tte pris p\u00e5, hvis du kontakter os p\u00e5 forh\u00e5nd ang\u00e5ende din returnering. Udfyld venligst formularen nedenfor, s\u00e5 vi kan hj\u00e6lpe dig s\u00e5 gnidningsfrit som muligt. Vi vil ogs\u00e5 gerne have, at du oplyser dit telefonnummer, da det ofte er nemmere at afklare sp\u00f8rgsm\u00e5l over telefonen.<\/p>\n\n\n\n<p>Du skal registrere din returnering inden for <strong>14 dage<\/strong> efter modtagelse af din ordre via returformularen. N\u00e5r returneringen er registreret, har du yderligere <strong>14 dage<\/strong> til at sende varen retur. N\u00e5r vi har modtaget varen, refunderer vi det fulde bel\u00f8b inden for <strong>14 dage<\/strong> via den betalingsmetode, du oprindeligt anvendte. Hvis du returnerer hele ordren, refunderer vi ogs\u00e5 den oprindelige fragtomkostning.<\/p>\n\n\n\n<p>Returneringsomkostninger er som udgangspunkt <strong>dit ansvar<\/strong>. Vi kontrollerer alle forsendelser grundigt f\u00f8r afsendelse og sikrer, at produkterne er forsvarligt pakket.<\/p>\n\n\n\n<p>\u00d8nsker du at benytte din fortrydelsesret, skal du returnere varen med alle medf\u00f8lgende tilbeh\u00f8r og, s\u00e5 vidt det er rimeligt muligt, i original stand og emballage. <strong>Der er ingen varer, der er undtaget fra vores returpolitik.<\/strong><\/p>\n\n\n\n<p>N\u00e5r din returneringsanmodning er godkendt, sender vi dig en <strong>forudbetalt returlabel<\/strong> inden for to hverdage. Du kan herefter aflevere pakken gratis i en af de mange pakkeshops i n\u00e6rheden af dig.<\/p>\n\n\n\n<p><strong>Foretr\u00e6kker du en anden fragtudbyder?<\/strong> Ingen problem! Send blot pakken retur til vores returadresse med en valgfri fragtudbyder. Husk at tage et billede af kvitteringen for forsendelsen og send det til <strong><a href=\"mailto:info@thegameroom.org\">info@thegameroom.org<\/a><\/strong>.<\/p>\n\n\n\n<h3 class=\"wp-block-heading\"><strong>Kort opsummering:<\/strong><\/h3>\n\n\n\n<ul class=\"wp-block-list\">\n<li>Registrer din returnering via formularen inden for 14 dage efter modtagelse af din ordre<\/li>\n\n\n\n<li>Vi sender dig en returlabel via e-mail inden for to hverdage<\/li>\n\n\n\n<li>Pak varen forsvarligt og s\u00e6t returlabelen p\u00e5 pakken<\/li>\n\n\n\n<li>Aflever pakken i en pakkeshop inden for 14 dage<\/li>\n\n\n\n<li>N\u00e5r vi har modtaget varen i god stand, refunderer vi dit k\u00f8b. Returomkostninger kan blive fratrukket, hvor det er relevant.<\/li>\n<\/ul>\n","protected":false},"excerpt":{"rendered":"<p>Returnerer Vil du returnere en vare?Intet problem! Udfyld blot vores returformular her, men tag ogs\u00e5 et \u00f8jeblik til at l\u00e6se vores returpolitik: Returpolitik Vi vil s\u00e6tte pris p\u00e5, hvis du kontakter os p\u00e5 forh\u00e5nd ang\u00e5ende din returnering. Udfyld venligst formularen nedenfor, s\u00e5 vi kan hj\u00e6lpe dig s\u00e5 gnidningsfrit som muligt. Vi vil ogs\u00e5 gerne have, &#8230; <a title=\"Returnerer\" class=\"read-more\" href=\"https:\/\/www.thegameroom.org\/dk\/returnerer\/\" aria-label=\"Read more about Returnerer\">L\u00e6s mere <\/a><\/p>\n","protected":false},"author":10,"featured_media":0,"parent":0,"menu_order":0,"comment_status":"closed","ping_status":"closed","template":"","meta":{"_acf_changed":false,"om_disable_all_campaigns":false,"footnotes":""},"class_list":["post-5303","page","type-page","status-publish"],"acf":[],"featured_image_src":null,"yoast_head":"<!-- This site is optimized with the Yoast SEO Premium plugin v22.5 (Yoast SEO v27.3) - https:\/\/yoast.com\/product\/yoast-seo-premium-wordpress\/ -->\n<title>Returnerer<\/title>\n<meta name=\"description\" content=\"Vil du returnere en vare? Intet problem! Registrer din returnering inden for 14 dage, f\u00e5 en forudbetalt returlabel, og modtag fuld refusion. Nem og problemfri returnering hos TheGameRoom.\" \/>\n<meta name=\"robots\" content=\"index, follow, max-snippet:-1, max-image-preview:large, max-video-preview:-1\" \/>\n<link rel=\"canonical\" href=\"https:\/\/www.thegameroom.org\/dk\/returnerer\/\" \/>\n<meta property=\"og:locale\" content=\"da_DK\" \/>\n<meta property=\"og:type\" content=\"article\" \/>\n<meta property=\"og:title\" content=\"Returnerer\" \/>\n<meta property=\"og:description\" content=\"Vil du returnere en vare? Intet problem! Registrer din returnering inden for 14 dage, f\u00e5 en forudbetalt returlabel, og modtag fuld refusion. Nem og problemfri returnering hos TheGameRoom.\" \/>\n<meta property=\"og:url\" content=\"https:\/\/www.thegameroom.org\/dk\/returnerer\/\" \/>\n<meta property=\"og:site_name\" content=\"The Game Room DK\" \/>\n<meta property=\"article:modified_time\" content=\"2025-04-02T10:46:13+00:00\" \/>\n<meta name=\"twitter:card\" content=\"summary_large_image\" \/>\n<meta name=\"twitter:label1\" content=\"Estimeret l\u00e6setid\" \/>\n\t<meta name=\"twitter:data1\" content=\"2 minutter\" \/>\n<script type=\"application\/ld+json\" class=\"yoast-schema-graph\">{\"@context\":\"https:\\\/\\\/schema.org\",\"@graph\":[{\"@type\":\"WebPage\",\"@id\":\"https:\\\/\\\/www.thegameroom.org\\\/dk\\\/returnerer\\\/\",\"url\":\"https:\\\/\\\/www.thegameroom.org\\\/dk\\\/returnerer\\\/\",\"name\":\"Returnerer\",\"isPartOf\":{\"@id\":\"https:\\\/\\\/www.thegameroom.org\\\/dk\\\/#website\"},\"datePublished\":\"2025-03-07T07:14:08+00:00\",\"dateModified\":\"2025-04-02T10:46:13+00:00\",\"description\":\"Vil du returnere en vare? Intet problem! Registrer din returnering inden for 14 dage, f\u00e5 en forudbetalt returlabel, og modtag fuld refusion. Nem og problemfri returnering hos TheGameRoom.\",\"breadcrumb\":{\"@id\":\"https:\\\/\\\/www.thegameroom.org\\\/dk\\\/returnerer\\\/#breadcrumb\"},\"inLanguage\":\"da-DK\",\"potentialAction\":[{\"@type\":\"ReadAction\",\"target\":[\"https:\\\/\\\/www.thegameroom.org\\\/dk\\\/returnerer\\\/\"]}]},{\"@type\":\"BreadcrumbList\",\"@id\":\"https:\\\/\\\/www.thegameroom.org\\\/dk\\\/returnerer\\\/#breadcrumb\",\"itemListElement\":[{\"@type\":\"ListItem\",\"position\":1,\"name\":\"Home\",\"item\":\"https:\\\/\\\/www.thegameroom.org\\\/dk\\\/\"},{\"@type\":\"ListItem\",\"position\":2,\"name\":\"Returnerer\"}]},{\"@type\":\"WebSite\",\"@id\":\"https:\\\/\\\/www.thegameroom.org\\\/dk\\\/#website\",\"url\":\"https:\\\/\\\/www.thegameroom.org\\\/dk\\\/\",\"name\":\"The Game Room DK\",\"description\":\"TheGameRoom\u00a0is sinds 2017 de plek om uitgebreide informatie en spelregels\u00a0te vinden over allerhande spellen. Het platform is opgericht omdat wij als spelletjesliefhebbers regelmatig discussies hebben over de (interpretatie) van de spelregels. Sinds 2022 is het ook mogelijk om bij\u00a0The Gameroom Shop spellletjes aan te schaffen. Wij proberen een zo gevarieerd en uniek mogelijk aanbod te bieden, voor alle spelletjesliefhebbers.\",\"publisher\":{\"@id\":\"https:\\\/\\\/www.thegameroom.org\\\/dk\\\/#organization\"},\"potentialAction\":[{\"@type\":\"SearchAction\",\"target\":{\"@type\":\"EntryPoint\",\"urlTemplate\":\"https:\\\/\\\/www.thegameroom.org\\\/dk\\\/?s={search_term_string}\"},\"query-input\":{\"@type\":\"PropertyValueSpecification\",\"valueRequired\":true,\"valueName\":\"search_term_string\"}}],\"inLanguage\":\"da-DK\"},{\"@type\":\"Organization\",\"@id\":\"https:\\\/\\\/www.thegameroom.org\\\/dk\\\/#organization\",\"name\":\"The Game Room\",\"url\":\"https:\\\/\\\/www.thegameroom.org\\\/dk\\\/\",\"logo\":{\"@type\":\"ImageObject\",\"inLanguage\":\"da-DK\",\"@id\":\"https:\\\/\\\/www.thegameroom.org\\\/dk\\\/#\\\/schema\\\/logo\\\/image\\\/\",\"url\":\"https:\\\/\\\/www.thegameroom.org\\\/dk\\\/wp-content\\\/uploads\\\/sites\\\/5\\\/2025\\\/06\\\/thegameroom-favicon.png\",\"contentUrl\":\"https:\\\/\\\/www.thegameroom.org\\\/dk\\\/wp-content\\\/uploads\\\/sites\\\/5\\\/2025\\\/06\\\/thegameroom-favicon.png\",\"width\":192,\"height\":192,\"caption\":\"The Game Room\"},\"image\":{\"@id\":\"https:\\\/\\\/www.thegameroom.org\\\/dk\\\/#\\\/schema\\\/logo\\\/image\\\/\"},\"email\":\"info@thegameroom.org\"}]}<\/script>\n<!-- \/ Yoast SEO Premium plugin. -->","yoast_head_json":{"title":"Returnerer","description":"Vil du returnere en vare? Intet problem! Registrer din returnering inden for 14 dage, f\u00e5 en forudbetalt returlabel, og modtag fuld refusion. Nem og problemfri returnering hos TheGameRoom.","robots":{"index":"index","follow":"follow","max-snippet":"max-snippet:-1","max-image-preview":"max-image-preview:large","max-video-preview":"max-video-preview:-1"},"canonical":"https:\/\/www.thegameroom.org\/dk\/returnerer\/","og_locale":"da_DK","og_type":"article","og_title":"Returnerer","og_description":"Vil du returnere en vare? Intet problem! Registrer din returnering inden for 14 dage, f\u00e5 en forudbetalt returlabel, og modtag fuld refusion. Nem og problemfri returnering hos TheGameRoom.","og_url":"https:\/\/www.thegameroom.org\/dk\/returnerer\/","og_site_name":"The Game Room DK","article_modified_time":"2025-04-02T10:46:13+00:00","twitter_card":"summary_large_image","twitter_misc":{"Estimeret l\u00e6setid":"2 minutter"},"schema":{"@context":"https:\/\/schema.org","@graph":[{"@type":"WebPage","@id":"https:\/\/www.thegameroom.org\/dk\/returnerer\/","url":"https:\/\/www.thegameroom.org\/dk\/returnerer\/","name":"Returnerer","isPartOf":{"@id":"https:\/\/www.thegameroom.org\/dk\/#website"},"datePublished":"2025-03-07T07:14:08+00:00","dateModified":"2025-04-02T10:46:13+00:00","description":"Vil du returnere en vare? Intet problem! Registrer din returnering inden for 14 dage, f\u00e5 en forudbetalt returlabel, og modtag fuld refusion. Nem og problemfri returnering hos TheGameRoom.","breadcrumb":{"@id":"https:\/\/www.thegameroom.org\/dk\/returnerer\/#breadcrumb"},"inLanguage":"da-DK","potentialAction":[{"@type":"ReadAction","target":["https:\/\/www.thegameroom.org\/dk\/returnerer\/"]}]},{"@type":"BreadcrumbList","@id":"https:\/\/www.thegameroom.org\/dk\/returnerer\/#breadcrumb","itemListElement":[{"@type":"ListItem","position":1,"name":"Home","item":"https:\/\/www.thegameroom.org\/dk\/"},{"@type":"ListItem","position":2,"name":"Returnerer"}]},{"@type":"WebSite","@id":"https:\/\/www.thegameroom.org\/dk\/#website","url":"https:\/\/www.thegameroom.org\/dk\/","name":"The Game Room DK","description":"TheGameRoom\u00a0is sinds 2017 de plek om uitgebreide informatie en spelregels\u00a0te vinden over allerhande spellen. Het platform is opgericht omdat wij als spelletjesliefhebbers regelmatig discussies hebben over de (interpretatie) van de spelregels. Sinds 2022 is het ook mogelijk om bij\u00a0The Gameroom Shop spellletjes aan te schaffen. Wij proberen een zo gevarieerd en uniek mogelijk aanbod te bieden, voor alle spelletjesliefhebbers.","publisher":{"@id":"https:\/\/www.thegameroom.org\/dk\/#organization"},"potentialAction":[{"@type":"SearchAction","target":{"@type":"EntryPoint","urlTemplate":"https:\/\/www.thegameroom.org\/dk\/?s={search_term_string}"},"query-input":{"@type":"PropertyValueSpecification","valueRequired":true,"valueName":"search_term_string"}}],"inLanguage":"da-DK"},{"@type":"Organization","@id":"https:\/\/www.thegameroom.org\/dk\/#organization","name":"The Game Room","url":"https:\/\/www.thegameroom.org\/dk\/","logo":{"@type":"ImageObject","inLanguage":"da-DK","@id":"https:\/\/www.thegameroom.org\/dk\/#\/schema\/logo\/image\/","url":"https:\/\/www.thegameroom.org\/dk\/wp-content\/uploads\/sites\/5\/2025\/06\/thegameroom-favicon.png","contentUrl":"https:\/\/www.thegameroom.org\/dk\/wp-content\/uploads\/sites\/5\/2025\/06\/thegameroom-favicon.png","width":192,"height":192,"caption":"The Game Room"},"image":{"@id":"https:\/\/www.thegameroom.org\/dk\/#\/schema\/logo\/image\/"},"email":"info@thegameroom.org"}]}},"_links":{"self":[{"href":"https:\/\/www.thegameroom.org\/dk\/wp-json\/wp\/v2\/pages\/5303","targetHints":{"allow":["GET"]}}],"collection":[{"href":"https:\/\/www.thegameroom.org\/dk\/wp-json\/wp\/v2\/pages"}],"about":[{"href":"https:\/\/www.thegameroom.org\/dk\/wp-json\/wp\/v2\/types\/page"}],"author":[{"embeddable":true,"href":"https:\/\/www.thegameroom.org\/dk\/wp-json\/wp\/v2\/users\/10"}],"replies":[{"embeddable":true,"href":"https:\/\/www.thegameroom.org\/dk\/wp-json\/wp\/v2\/comments?post=5303"}],"version-history":[{"count":1,"href":"https:\/\/www.thegameroom.org\/dk\/wp-json\/wp\/v2\/pages\/5303\/revisions"}],"predecessor-version":[{"id":5304,"href":"https:\/\/www.thegameroom.org\/dk\/wp-json\/wp\/v2\/pages\/5303\/revisions\/5304"}],"wp:attachment":[{"href":"https:\/\/www.thegameroom.org\/dk\/wp-json\/wp\/v2\/media?parent=5303"}],"curies":[{"name":"wp","href":"https:\/\/api.w.org\/{rel}","templated":true}]}}