{"id":5307,"date":"2025-03-07T07:25:29","date_gmt":"2025-03-07T07:25:29","guid":{"rendered":"https:\/\/www.thegameroom.org\/dk\/?page_id=5307"},"modified":"2025-04-02T11:48:30","modified_gmt":"2025-04-02T11:48:30","slug":"klager","status":"publish","type":"page","link":"https:\/\/www.thegameroom.org\/dk\/klager\/","title":{"rendered":"Klager"},"content":{"rendered":"\n<h1 class=\"wp-block-heading\" id=\"h-klager\">Klager<\/h1>\n\n\n\n<p>Nogle gange g\u00e5r tingene ikke som forventet. Hvis du har en klage, opfordrer vi dig til f\u00f8rst at kontakte os direkte via e-mail p\u00e5 <strong><a href=\"mailto:info@thegameroom.org\">info@thegameroom.org<\/a><\/strong>, s\u00e5 vi kan fors\u00f8ge at l\u00f8se problemet hurtigst muligt.<\/p>\n\n\n\n<p>Hvis vi ikke kan n\u00e5 til en tilfredsstillende l\u00f8sning, kan du henvise din tvist til en alternativ tvistbil\u00e6ggelsesordning (ADR).<\/p>\n\n\n\n<p>Hvis du er bosat i <strong>Danmark eller et andet EU-land<\/strong>, kan du ogs\u00e5 indsende en klage via <strong>Europa-Kommissionens Online Dispute Resolution (ODR)-platform<\/strong> p\u00e5 <strong><a href=\"http:\/\/ec.europa.eu\/odr\">http:\/\/ec.europa.eu\/odr<\/a><\/strong>, forudsat at din klage ikke allerede er behandlet andre steder.<\/p>\n","protected":false},"excerpt":{"rendered":"<p>Klager Nogle gange g\u00e5r tingene ikke som forventet. Hvis du har en klage, opfordrer vi dig til f\u00f8rst at kontakte os direkte via e-mail p\u00e5 info@thegameroom.org, s\u00e5 vi kan fors\u00f8ge at l\u00f8se problemet hurtigst muligt. Hvis vi ikke kan n\u00e5 til en tilfredsstillende l\u00f8sning, kan du henvise din tvist til en alternativ tvistbil\u00e6ggelsesordning (ADR). Hvis &#8230; <a title=\"Klager\" class=\"read-more\" href=\"https:\/\/www.thegameroom.org\/dk\/klager\/\" aria-label=\"Read more about Klager\">L\u00e6s mere <\/a><\/p>\n","protected":false},"author":10,"featured_media":0,"parent":0,"menu_order":0,"comment_status":"closed","ping_status":"closed","template":"","meta":{"_acf_changed":false,"om_disable_all_campaigns":false,"footnotes":""},"class_list":["post-5307","page","type-page","status-publish"],"acf":[],"featured_image_src":null,"yoast_head":"<!-- This site is optimized with the Yoast SEO Premium plugin v22.5 (Yoast SEO v27.3) - https:\/\/yoast.com\/product\/yoast-seo-premium-wordpress\/ -->\n<title>Klager<\/title>\n<meta name=\"description\" content=\"Har du en klage? Kontakt TheGameRoom f\u00f8rst p\u00e5 info@thegameroom.org, og vores team vil hj\u00e6lpe dig med at h\u00e5ndtere alle problemer uden besv\u00e6r.\" \/>\n<meta name=\"robots\" content=\"index, follow, max-snippet:-1, max-image-preview:large, max-video-preview:-1\" \/>\n<link rel=\"canonical\" href=\"https:\/\/www.thegameroom.org\/dk\/klager\/\" \/>\n<meta property=\"og:locale\" content=\"da_DK\" \/>\n<meta property=\"og:type\" content=\"article\" \/>\n<meta property=\"og:title\" content=\"Klager\" \/>\n<meta property=\"og:description\" content=\"Har du en klage? Kontakt TheGameRoom f\u00f8rst p\u00e5 info@thegameroom.org, og vores team vil hj\u00e6lpe dig med at h\u00e5ndtere alle problemer uden besv\u00e6r.\" \/>\n<meta property=\"og:url\" content=\"https:\/\/www.thegameroom.org\/dk\/klager\/\" \/>\n<meta property=\"og:site_name\" content=\"The Game Room DK\" \/>\n<meta property=\"article:modified_time\" content=\"2025-04-02T11:48:30+00:00\" \/>\n<meta name=\"twitter:card\" content=\"summary_large_image\" \/>\n<meta name=\"twitter:label1\" content=\"Estimeret l\u00e6setid\" \/>\n\t<meta name=\"twitter:data1\" content=\"1 minut\" \/>\n<script type=\"application\/ld+json\" class=\"yoast-schema-graph\">{\"@context\":\"https:\\\/\\\/schema.org\",\"@graph\":[{\"@type\":\"WebPage\",\"@id\":\"https:\\\/\\\/www.thegameroom.org\\\/dk\\\/klager\\\/\",\"url\":\"https:\\\/\\\/www.thegameroom.org\\\/dk\\\/klager\\\/\",\"name\":\"Klager\",\"isPartOf\":{\"@id\":\"https:\\\/\\\/www.thegameroom.org\\\/dk\\\/#website\"},\"datePublished\":\"2025-03-07T07:25:29+00:00\",\"dateModified\":\"2025-04-02T11:48:30+00:00\",\"description\":\"Har du en klage? Kontakt TheGameRoom f\u00f8rst p\u00e5 info@thegameroom.org, og vores team vil hj\u00e6lpe dig med at h\u00e5ndtere alle problemer uden besv\u00e6r.\",\"breadcrumb\":{\"@id\":\"https:\\\/\\\/www.thegameroom.org\\\/dk\\\/klager\\\/#breadcrumb\"},\"inLanguage\":\"da-DK\",\"potentialAction\":[{\"@type\":\"ReadAction\",\"target\":[\"https:\\\/\\\/www.thegameroom.org\\\/dk\\\/klager\\\/\"]}]},{\"@type\":\"BreadcrumbList\",\"@id\":\"https:\\\/\\\/www.thegameroom.org\\\/dk\\\/klager\\\/#breadcrumb\",\"itemListElement\":[{\"@type\":\"ListItem\",\"position\":1,\"name\":\"Home\",\"item\":\"https:\\\/\\\/www.thegameroom.org\\\/dk\\\/\"},{\"@type\":\"ListItem\",\"position\":2,\"name\":\"Klager\"}]},{\"@type\":\"WebSite\",\"@id\":\"https:\\\/\\\/www.thegameroom.org\\\/dk\\\/#website\",\"url\":\"https:\\\/\\\/www.thegameroom.org\\\/dk\\\/\",\"name\":\"The Game Room DK\",\"description\":\"TheGameRoom\u00a0is sinds 2017 de plek om uitgebreide informatie en spelregels\u00a0te vinden over allerhande spellen. Het platform is opgericht omdat wij als spelletjesliefhebbers regelmatig discussies hebben over de (interpretatie) van de spelregels. Sinds 2022 is het ook mogelijk om bij\u00a0The Gameroom Shop spellletjes aan te schaffen. Wij proberen een zo gevarieerd en uniek mogelijk aanbod te bieden, voor alle spelletjesliefhebbers.\",\"publisher\":{\"@id\":\"https:\\\/\\\/www.thegameroom.org\\\/dk\\\/#organization\"},\"potentialAction\":[{\"@type\":\"SearchAction\",\"target\":{\"@type\":\"EntryPoint\",\"urlTemplate\":\"https:\\\/\\\/www.thegameroom.org\\\/dk\\\/?s={search_term_string}\"},\"query-input\":{\"@type\":\"PropertyValueSpecification\",\"valueRequired\":true,\"valueName\":\"search_term_string\"}}],\"inLanguage\":\"da-DK\"},{\"@type\":\"Organization\",\"@id\":\"https:\\\/\\\/www.thegameroom.org\\\/dk\\\/#organization\",\"name\":\"The Game Room\",\"url\":\"https:\\\/\\\/www.thegameroom.org\\\/dk\\\/\",\"logo\":{\"@type\":\"ImageObject\",\"inLanguage\":\"da-DK\",\"@id\":\"https:\\\/\\\/www.thegameroom.org\\\/dk\\\/#\\\/schema\\\/logo\\\/image\\\/\",\"url\":\"https:\\\/\\\/www.thegameroom.org\\\/dk\\\/wp-content\\\/uploads\\\/sites\\\/5\\\/2025\\\/06\\\/thegameroom-favicon.png\",\"contentUrl\":\"https:\\\/\\\/www.thegameroom.org\\\/dk\\\/wp-content\\\/uploads\\\/sites\\\/5\\\/2025\\\/06\\\/thegameroom-favicon.png\",\"width\":192,\"height\":192,\"caption\":\"The Game Room\"},\"image\":{\"@id\":\"https:\\\/\\\/www.thegameroom.org\\\/dk\\\/#\\\/schema\\\/logo\\\/image\\\/\"},\"email\":\"info@thegameroom.org\"}]}<\/script>\n<!-- \/ Yoast SEO Premium plugin. -->","yoast_head_json":{"title":"Klager","description":"Har du en klage? Kontakt TheGameRoom f\u00f8rst p\u00e5 info@thegameroom.org, og vores team vil hj\u00e6lpe dig med at h\u00e5ndtere alle problemer uden besv\u00e6r.","robots":{"index":"index","follow":"follow","max-snippet":"max-snippet:-1","max-image-preview":"max-image-preview:large","max-video-preview":"max-video-preview:-1"},"canonical":"https:\/\/www.thegameroom.org\/dk\/klager\/","og_locale":"da_DK","og_type":"article","og_title":"Klager","og_description":"Har du en klage? Kontakt TheGameRoom f\u00f8rst p\u00e5 info@thegameroom.org, og vores team vil hj\u00e6lpe dig med at h\u00e5ndtere alle problemer uden besv\u00e6r.","og_url":"https:\/\/www.thegameroom.org\/dk\/klager\/","og_site_name":"The Game Room DK","article_modified_time":"2025-04-02T11:48:30+00:00","twitter_card":"summary_large_image","twitter_misc":{"Estimeret l\u00e6setid":"1 minut"},"schema":{"@context":"https:\/\/schema.org","@graph":[{"@type":"WebPage","@id":"https:\/\/www.thegameroom.org\/dk\/klager\/","url":"https:\/\/www.thegameroom.org\/dk\/klager\/","name":"Klager","isPartOf":{"@id":"https:\/\/www.thegameroom.org\/dk\/#website"},"datePublished":"2025-03-07T07:25:29+00:00","dateModified":"2025-04-02T11:48:30+00:00","description":"Har du en klage? Kontakt TheGameRoom f\u00f8rst p\u00e5 info@thegameroom.org, og vores team vil hj\u00e6lpe dig med at h\u00e5ndtere alle problemer uden besv\u00e6r.","breadcrumb":{"@id":"https:\/\/www.thegameroom.org\/dk\/klager\/#breadcrumb"},"inLanguage":"da-DK","potentialAction":[{"@type":"ReadAction","target":["https:\/\/www.thegameroom.org\/dk\/klager\/"]}]},{"@type":"BreadcrumbList","@id":"https:\/\/www.thegameroom.org\/dk\/klager\/#breadcrumb","itemListElement":[{"@type":"ListItem","position":1,"name":"Home","item":"https:\/\/www.thegameroom.org\/dk\/"},{"@type":"ListItem","position":2,"name":"Klager"}]},{"@type":"WebSite","@id":"https:\/\/www.thegameroom.org\/dk\/#website","url":"https:\/\/www.thegameroom.org\/dk\/","name":"The Game Room DK","description":"TheGameRoom\u00a0is sinds 2017 de plek om uitgebreide informatie en spelregels\u00a0te vinden over allerhande spellen. Het platform is opgericht omdat wij als spelletjesliefhebbers regelmatig discussies hebben over de (interpretatie) van de spelregels. Sinds 2022 is het ook mogelijk om bij\u00a0The Gameroom Shop spellletjes aan te schaffen. Wij proberen een zo gevarieerd en uniek mogelijk aanbod te bieden, voor alle spelletjesliefhebbers.","publisher":{"@id":"https:\/\/www.thegameroom.org\/dk\/#organization"},"potentialAction":[{"@type":"SearchAction","target":{"@type":"EntryPoint","urlTemplate":"https:\/\/www.thegameroom.org\/dk\/?s={search_term_string}"},"query-input":{"@type":"PropertyValueSpecification","valueRequired":true,"valueName":"search_term_string"}}],"inLanguage":"da-DK"},{"@type":"Organization","@id":"https:\/\/www.thegameroom.org\/dk\/#organization","name":"The Game Room","url":"https:\/\/www.thegameroom.org\/dk\/","logo":{"@type":"ImageObject","inLanguage":"da-DK","@id":"https:\/\/www.thegameroom.org\/dk\/#\/schema\/logo\/image\/","url":"https:\/\/www.thegameroom.org\/dk\/wp-content\/uploads\/sites\/5\/2025\/06\/thegameroom-favicon.png","contentUrl":"https:\/\/www.thegameroom.org\/dk\/wp-content\/uploads\/sites\/5\/2025\/06\/thegameroom-favicon.png","width":192,"height":192,"caption":"The Game Room"},"image":{"@id":"https:\/\/www.thegameroom.org\/dk\/#\/schema\/logo\/image\/"},"email":"info@thegameroom.org"}]}},"_links":{"self":[{"href":"https:\/\/www.thegameroom.org\/dk\/wp-json\/wp\/v2\/pages\/5307","targetHints":{"allow":["GET"]}}],"collection":[{"href":"https:\/\/www.thegameroom.org\/dk\/wp-json\/wp\/v2\/pages"}],"about":[{"href":"https:\/\/www.thegameroom.org\/dk\/wp-json\/wp\/v2\/types\/page"}],"author":[{"embeddable":true,"href":"https:\/\/www.thegameroom.org\/dk\/wp-json\/wp\/v2\/users\/10"}],"replies":[{"embeddable":true,"href":"https:\/\/www.thegameroom.org\/dk\/wp-json\/wp\/v2\/comments?post=5307"}],"version-history":[{"count":1,"href":"https:\/\/www.thegameroom.org\/dk\/wp-json\/wp\/v2\/pages\/5307\/revisions"}],"predecessor-version":[{"id":5308,"href":"https:\/\/www.thegameroom.org\/dk\/wp-json\/wp\/v2\/pages\/5307\/revisions\/5308"}],"wp:attachment":[{"href":"https:\/\/www.thegameroom.org\/dk\/wp-json\/wp\/v2\/media?parent=5307"}],"curies":[{"name":"wp","href":"https:\/\/api.w.org\/{rel}","templated":true}]}}