{"id":5309,"date":"2025-03-07T07:27:50","date_gmt":"2025-03-07T07:27:50","guid":{"rendered":"https:\/\/www.thegameroom.org\/dk\/?page_id=5309"},"modified":"2025-04-02T11:57:42","modified_gmt":"2025-04-02T11:57:42","slug":"disclaimer","status":"publish","type":"page","link":"https:\/\/www.thegameroom.org\/dk\/disclaimer\/","title":{"rendered":"Disclaimer"},"content":{"rendered":"\n<h1 class=\"wp-block-heading\" id=\"h-disclaimer\">Disclaimer<\/h1>\n\n\n\n<p>For at sikre gennemsigtighed giver TheGameRoom (herefter ben\u00e6vnt <strong>&#8220;TheGameRoom&#8221;<\/strong>) f\u00f8lgende ansvarsfraskrivelse vedr\u00f8rende hjemmesiden <strong><a href=\"http:\/\/www.thegameroom.org\">www.thegameroom.org<\/a><\/strong> (herefter ben\u00e6vnt <strong>&#8220;Hjemmesiden&#8221;<\/strong>):<\/p>\n\n\n\n<h2 class=\"wp-block-heading\">Ejerskab og Ophavsret<\/h2>\n\n\n\n<p>Hjemmesiden, inklusive webshoppen og nyhedsbrevet, samt alt tilknyttet indhold \u2013 med undtagelse af visse (hyper)links \u2013 tilh\u00f8rer <strong>TheGameRoom<\/strong>. Det er ikke tilladt at offentligg\u00f8re, kopiere eller gemme dele af Hjemmesiden eller nyhedsbrevet uden <strong>forudg\u00e5ende skriftlig tilladelse<\/strong> fra TheGameRoom. Personlig, ikke-kommerciel brug kr\u00e6ver dog ikke s\u00e6rlig tilladelse.<\/p>\n\n\n\n<h2 class=\"wp-block-heading\">N\u00f8jagtighed af Information<\/h2>\n\n\n\n<p>Selvom vi g\u00f8r vores bedste for at sikre, at oplysningerne p\u00e5 Hjemmesiden og i vores nyhedsbrev er korrekte, kan der forekomme fejl (herunder, men ikke begr\u00e6nset til, pris- og produktinformation). Der kan ikke g\u00f8res krav p\u00e5 levering baseret p\u00e5 fejlagtige oplysninger. Vi forbeholder os retten til <strong>at annullere ordrer<\/strong>, der er baseret p\u00e5 ukorrekte oplysninger offentliggjort p\u00e5 Hjemmesiden.<\/p>\n\n\n\n<h2 class=\"wp-block-heading\">\u00c6ndringer og Opdateringer<\/h2>\n\n\n\n<p>Indholdet p\u00e5 Hjemmesiden opdateres og\/eller \u00e6ndres regelm\u00e6ssigt. <strong>TheGameRoom forbeholder sig retten til at \u00e6ndre vilk\u00e5r, kampagner og tilbud med \u00f8jeblikkelig virkning og uden forudg\u00e5ende varsel.<\/strong> Vi forbeholder os ogs\u00e5 retten til at afslutte kampagner f\u00f8r tid efter eget sk\u00f8n.<\/p>\n\n\n\n<h2 class=\"wp-block-heading\">Ingen Garantier eller Erkl\u00e6ringer<\/h2>\n\n\n\n<p>Alle oplysninger, produkter og tjenester p\u00e5 Hjemmesiden leveres <strong>&#8220;som de er&#8221;<\/strong>, uden nogen eksplicitte eller implicitte garantier vedr\u00f8rende tilg\u00e6ngelighed, kvalitet, egnethed til et specifikt form\u00e5l eller andre garantier.<\/p>\n\n\n\n<h2 class=\"wp-block-heading\">Eksterne Links<\/h2>\n\n\n\n<p>Nogle (hyper)links p\u00e5 Hjemmesiden og i vores nyhedsbrev kan f\u00f8re til tredjepartshjemmesider uden for <strong>TheGameRoom\u2019s<\/strong> kontrol. Disse eksterne hjemmesider ejes og administreres ikke af TheGameRoom. Ved at klikke p\u00e5 disse links forlader du vores Hjemmeside. <strong>TheGameRoom p\u00e5tager sig intet ansvar<\/strong> for indholdet p\u00e5 eksterne hjemmesider.<\/p>\n\n\n\n<h2 class=\"wp-block-heading\">Ansvarsbegr\u00e6nsning<\/h2>\n\n\n\n<p><strong>TheGameRoom kan ikke holdes ansvarlig<\/strong> for nogen direkte eller indirekte skader af <strong>nogen art<\/strong>, der opst\u00e5r som f\u00f8lge af eller p\u00e5 nogen m\u00e5de er relateret til brugen af Hjemmesiden eller nyhedsbrevet.<\/p>\n","protected":false},"excerpt":{"rendered":"<p>Disclaimer For at sikre gennemsigtighed giver TheGameRoom (herefter ben\u00e6vnt &#8220;TheGameRoom&#8221;) f\u00f8lgende ansvarsfraskrivelse vedr\u00f8rende hjemmesiden www.thegameroom.org (herefter ben\u00e6vnt &#8220;Hjemmesiden&#8221;): Ejerskab og Ophavsret Hjemmesiden, inklusive webshoppen og nyhedsbrevet, samt alt tilknyttet indhold \u2013 med undtagelse af visse (hyper)links \u2013 tilh\u00f8rer TheGameRoom. Det er ikke tilladt at offentligg\u00f8re, kopiere eller gemme dele af Hjemmesiden eller nyhedsbrevet uden forudg\u00e5ende &#8230; <a title=\"Disclaimer\" class=\"read-more\" href=\"https:\/\/www.thegameroom.org\/dk\/disclaimer\/\" aria-label=\"Read more about Disclaimer\">L\u00e6s mere <\/a><\/p>\n","protected":false},"author":10,"featured_media":0,"parent":0,"menu_order":0,"comment_status":"closed","ping_status":"closed","template":"","meta":{"_acf_changed":false,"om_disable_all_campaigns":false,"footnotes":""},"class_list":["post-5309","page","type-page","status-publish"],"acf":[],"featured_image_src":null,"yoast_head":"<!-- This site is optimized with the Yoast SEO Premium plugin v22.5 (Yoast SEO v27.3) - https:\/\/yoast.com\/product\/yoast-seo-premium-wordpress\/ -->\n<title>Disclaimer<\/title>\n<meta name=\"description\" content=\"L\u00e6s TheGameRooms ansvarsfraskrivelse for vigtig information om webstedets indhold, n\u00f8jagtighed, ansvar og eksterne links. Hold dig informeret om vores vilk\u00e5r og politikker.\" \/>\n<meta name=\"robots\" content=\"index, follow, max-snippet:-1, max-image-preview:large, max-video-preview:-1\" \/>\n<link rel=\"canonical\" href=\"https:\/\/www.thegameroom.org\/dk\/disclaimer\/\" \/>\n<meta property=\"og:locale\" content=\"da_DK\" \/>\n<meta property=\"og:type\" content=\"article\" \/>\n<meta property=\"og:title\" content=\"Disclaimer\" \/>\n<meta property=\"og:description\" content=\"L\u00e6s TheGameRooms ansvarsfraskrivelse for vigtig information om webstedets indhold, n\u00f8jagtighed, ansvar og eksterne links. Hold dig informeret om vores vilk\u00e5r og politikker.\" \/>\n<meta property=\"og:url\" content=\"https:\/\/www.thegameroom.org\/dk\/disclaimer\/\" \/>\n<meta property=\"og:site_name\" content=\"The Game Room DK\" \/>\n<meta property=\"article:modified_time\" content=\"2025-04-02T11:57:42+00:00\" \/>\n<meta name=\"twitter:card\" content=\"summary_large_image\" \/>\n<meta name=\"twitter:label1\" content=\"Estimeret l\u00e6setid\" \/>\n\t<meta name=\"twitter:data1\" content=\"2 minutter\" \/>\n<script type=\"application\/ld+json\" class=\"yoast-schema-graph\">{\"@context\":\"https:\\\/\\\/schema.org\",\"@graph\":[{\"@type\":\"WebPage\",\"@id\":\"https:\\\/\\\/www.thegameroom.org\\\/dk\\\/disclaimer\\\/\",\"url\":\"https:\\\/\\\/www.thegameroom.org\\\/dk\\\/disclaimer\\\/\",\"name\":\"Disclaimer\",\"isPartOf\":{\"@id\":\"https:\\\/\\\/www.thegameroom.org\\\/dk\\\/#website\"},\"datePublished\":\"2025-03-07T07:27:50+00:00\",\"dateModified\":\"2025-04-02T11:57:42+00:00\",\"description\":\"L\u00e6s TheGameRooms ansvarsfraskrivelse for vigtig information om webstedets indhold, n\u00f8jagtighed, ansvar og eksterne links. Hold dig informeret om vores vilk\u00e5r og politikker.\",\"breadcrumb\":{\"@id\":\"https:\\\/\\\/www.thegameroom.org\\\/dk\\\/disclaimer\\\/#breadcrumb\"},\"inLanguage\":\"da-DK\",\"potentialAction\":[{\"@type\":\"ReadAction\",\"target\":[\"https:\\\/\\\/www.thegameroom.org\\\/dk\\\/disclaimer\\\/\"]}]},{\"@type\":\"BreadcrumbList\",\"@id\":\"https:\\\/\\\/www.thegameroom.org\\\/dk\\\/disclaimer\\\/#breadcrumb\",\"itemListElement\":[{\"@type\":\"ListItem\",\"position\":1,\"name\":\"Home\",\"item\":\"https:\\\/\\\/www.thegameroom.org\\\/dk\\\/\"},{\"@type\":\"ListItem\",\"position\":2,\"name\":\"Disclaimer\"}]},{\"@type\":\"WebSite\",\"@id\":\"https:\\\/\\\/www.thegameroom.org\\\/dk\\\/#website\",\"url\":\"https:\\\/\\\/www.thegameroom.org\\\/dk\\\/\",\"name\":\"The Game Room DK\",\"description\":\"TheGameRoom\u00a0is sinds 2017 de plek om uitgebreide informatie en spelregels\u00a0te vinden over allerhande spellen. Het platform is opgericht omdat wij als spelletjesliefhebbers regelmatig discussies hebben over de (interpretatie) van de spelregels. Sinds 2022 is het ook mogelijk om bij\u00a0The Gameroom Shop spellletjes aan te schaffen. Wij proberen een zo gevarieerd en uniek mogelijk aanbod te bieden, voor alle spelletjesliefhebbers.\",\"publisher\":{\"@id\":\"https:\\\/\\\/www.thegameroom.org\\\/dk\\\/#organization\"},\"potentialAction\":[{\"@type\":\"SearchAction\",\"target\":{\"@type\":\"EntryPoint\",\"urlTemplate\":\"https:\\\/\\\/www.thegameroom.org\\\/dk\\\/?s={search_term_string}\"},\"query-input\":{\"@type\":\"PropertyValueSpecification\",\"valueRequired\":true,\"valueName\":\"search_term_string\"}}],\"inLanguage\":\"da-DK\"},{\"@type\":\"Organization\",\"@id\":\"https:\\\/\\\/www.thegameroom.org\\\/dk\\\/#organization\",\"name\":\"The Game Room\",\"url\":\"https:\\\/\\\/www.thegameroom.org\\\/dk\\\/\",\"logo\":{\"@type\":\"ImageObject\",\"inLanguage\":\"da-DK\",\"@id\":\"https:\\\/\\\/www.thegameroom.org\\\/dk\\\/#\\\/schema\\\/logo\\\/image\\\/\",\"url\":\"https:\\\/\\\/www.thegameroom.org\\\/dk\\\/wp-content\\\/uploads\\\/sites\\\/5\\\/2025\\\/06\\\/thegameroom-favicon.png\",\"contentUrl\":\"https:\\\/\\\/www.thegameroom.org\\\/dk\\\/wp-content\\\/uploads\\\/sites\\\/5\\\/2025\\\/06\\\/thegameroom-favicon.png\",\"width\":192,\"height\":192,\"caption\":\"The Game Room\"},\"image\":{\"@id\":\"https:\\\/\\\/www.thegameroom.org\\\/dk\\\/#\\\/schema\\\/logo\\\/image\\\/\"},\"email\":\"info@thegameroom.org\"}]}<\/script>\n<!-- \/ Yoast SEO Premium plugin. -->","yoast_head_json":{"title":"Disclaimer","description":"L\u00e6s TheGameRooms ansvarsfraskrivelse for vigtig information om webstedets indhold, n\u00f8jagtighed, ansvar og eksterne links. Hold dig informeret om vores vilk\u00e5r og politikker.","robots":{"index":"index","follow":"follow","max-snippet":"max-snippet:-1","max-image-preview":"max-image-preview:large","max-video-preview":"max-video-preview:-1"},"canonical":"https:\/\/www.thegameroom.org\/dk\/disclaimer\/","og_locale":"da_DK","og_type":"article","og_title":"Disclaimer","og_description":"L\u00e6s TheGameRooms ansvarsfraskrivelse for vigtig information om webstedets indhold, n\u00f8jagtighed, ansvar og eksterne links. Hold dig informeret om vores vilk\u00e5r og politikker.","og_url":"https:\/\/www.thegameroom.org\/dk\/disclaimer\/","og_site_name":"The Game Room DK","article_modified_time":"2025-04-02T11:57:42+00:00","twitter_card":"summary_large_image","twitter_misc":{"Estimeret l\u00e6setid":"2 minutter"},"schema":{"@context":"https:\/\/schema.org","@graph":[{"@type":"WebPage","@id":"https:\/\/www.thegameroom.org\/dk\/disclaimer\/","url":"https:\/\/www.thegameroom.org\/dk\/disclaimer\/","name":"Disclaimer","isPartOf":{"@id":"https:\/\/www.thegameroom.org\/dk\/#website"},"datePublished":"2025-03-07T07:27:50+00:00","dateModified":"2025-04-02T11:57:42+00:00","description":"L\u00e6s TheGameRooms ansvarsfraskrivelse for vigtig information om webstedets indhold, n\u00f8jagtighed, ansvar og eksterne links. Hold dig informeret om vores vilk\u00e5r og politikker.","breadcrumb":{"@id":"https:\/\/www.thegameroom.org\/dk\/disclaimer\/#breadcrumb"},"inLanguage":"da-DK","potentialAction":[{"@type":"ReadAction","target":["https:\/\/www.thegameroom.org\/dk\/disclaimer\/"]}]},{"@type":"BreadcrumbList","@id":"https:\/\/www.thegameroom.org\/dk\/disclaimer\/#breadcrumb","itemListElement":[{"@type":"ListItem","position":1,"name":"Home","item":"https:\/\/www.thegameroom.org\/dk\/"},{"@type":"ListItem","position":2,"name":"Disclaimer"}]},{"@type":"WebSite","@id":"https:\/\/www.thegameroom.org\/dk\/#website","url":"https:\/\/www.thegameroom.org\/dk\/","name":"The Game Room DK","description":"TheGameRoom\u00a0is sinds 2017 de plek om uitgebreide informatie en spelregels\u00a0te vinden over allerhande spellen. Het platform is opgericht omdat wij als spelletjesliefhebbers regelmatig discussies hebben over de (interpretatie) van de spelregels. Sinds 2022 is het ook mogelijk om bij\u00a0The Gameroom Shop spellletjes aan te schaffen. Wij proberen een zo gevarieerd en uniek mogelijk aanbod te bieden, voor alle spelletjesliefhebbers.","publisher":{"@id":"https:\/\/www.thegameroom.org\/dk\/#organization"},"potentialAction":[{"@type":"SearchAction","target":{"@type":"EntryPoint","urlTemplate":"https:\/\/www.thegameroom.org\/dk\/?s={search_term_string}"},"query-input":{"@type":"PropertyValueSpecification","valueRequired":true,"valueName":"search_term_string"}}],"inLanguage":"da-DK"},{"@type":"Organization","@id":"https:\/\/www.thegameroom.org\/dk\/#organization","name":"The Game Room","url":"https:\/\/www.thegameroom.org\/dk\/","logo":{"@type":"ImageObject","inLanguage":"da-DK","@id":"https:\/\/www.thegameroom.org\/dk\/#\/schema\/logo\/image\/","url":"https:\/\/www.thegameroom.org\/dk\/wp-content\/uploads\/sites\/5\/2025\/06\/thegameroom-favicon.png","contentUrl":"https:\/\/www.thegameroom.org\/dk\/wp-content\/uploads\/sites\/5\/2025\/06\/thegameroom-favicon.png","width":192,"height":192,"caption":"The Game Room"},"image":{"@id":"https:\/\/www.thegameroom.org\/dk\/#\/schema\/logo\/image\/"},"email":"info@thegameroom.org"}]}},"_links":{"self":[{"href":"https:\/\/www.thegameroom.org\/dk\/wp-json\/wp\/v2\/pages\/5309","targetHints":{"allow":["GET"]}}],"collection":[{"href":"https:\/\/www.thegameroom.org\/dk\/wp-json\/wp\/v2\/pages"}],"about":[{"href":"https:\/\/www.thegameroom.org\/dk\/wp-json\/wp\/v2\/types\/page"}],"author":[{"embeddable":true,"href":"https:\/\/www.thegameroom.org\/dk\/wp-json\/wp\/v2\/users\/10"}],"replies":[{"embeddable":true,"href":"https:\/\/www.thegameroom.org\/dk\/wp-json\/wp\/v2\/comments?post=5309"}],"version-history":[{"count":1,"href":"https:\/\/www.thegameroom.org\/dk\/wp-json\/wp\/v2\/pages\/5309\/revisions"}],"predecessor-version":[{"id":5310,"href":"https:\/\/www.thegameroom.org\/dk\/wp-json\/wp\/v2\/pages\/5309\/revisions\/5310"}],"wp:attachment":[{"href":"https:\/\/www.thegameroom.org\/dk\/wp-json\/wp\/v2\/media?parent=5309"}],"curies":[{"name":"wp","href":"https:\/\/api.w.org\/{rel}","templated":true}]}}