{"id":5326,"date":"2025-04-03T05:37:02","date_gmt":"2025-04-03T05:37:02","guid":{"rendered":"https:\/\/www.thegameroom.org\/dk\/?page_id=5326"},"modified":"2025-04-03T05:37:03","modified_gmt":"2025-04-03T05:37:03","slug":"sandra-campbell","status":"publish","type":"page","link":"https:\/\/www.thegameroom.org\/dk\/om-os\/sandra-campbell\/","title":{"rendered":"Sandra Campbell: Chefredakt\u00f8r"},"content":{"rendered":"\n<h1 class=\"wp-block-heading\" id=\"h-sandra-campbell-chefredaktor\">Sandra Campbell: Chefredakt\u00f8r<\/h1>\n\n\n\n<div class=\"wp-block-columns is-layout-flex wp-container-core-columns-is-layout-9d6595d7 wp-block-columns-is-layout-flex\">\n<div class=\"wp-block-column is-layout-flow wp-block-column-is-layout-flow\"><div class=\"wp-block-image\">\n<figure class=\"aligncenter size-full is-resized\"><img decoding=\"async\" width=\"300\" height=\"300\" src=\"https:\/\/www.thegameroom.org\/dk\/wp-content\/uploads\/sites\/5\/2025\/03\/Sandra-Campbell-300px.jpg\" alt=\"Sandra Campbell 300px\" class=\"wp-image-5300\" style=\"object-fit:cover;width:300px;height:300px\" srcset=\"https:\/\/www.thegameroom.org\/dk\/wp-content\/uploads\/sites\/5\/2025\/03\/Sandra-Campbell-300px.jpg 300w, https:\/\/www.thegameroom.org\/dk\/wp-content\/uploads\/sites\/5\/2025\/03\/Sandra-Campbell-300px-150x150.jpg 150w\" sizes=\"(max-width: 300px) 100vw, 300px\" \/><\/figure>\n<\/div><\/div>\n\n\n\n<div class=\"wp-block-column is-layout-flow wp-block-column-is-layout-flow\">\n<p>Sandra, chefredakt\u00f8r for den danske udgave af TheGameRoom, styrer spiluniverset med skarp pen og et k\u00e6kt smil. Hun kan skille et regels\u00e6t ad hurtigere end en korttryller og afsl\u00f8re et d\u00e5rligt casino p\u00e5 et splitsekund. Kort, terninger eller jetoner \u2013 Sandra ved altid, hvor det sjove sker!<\/p>\n\n\n\n<blockquote class=\"wp-block-quote is-layout-flow wp-block-quote-is-layout-flow\">\n<p>Jeg spotter et d\u00e5rligt casino hurtigere end du kan sige &#8216;gratis spins&#8217; \u2013 og jeg stopper ikke, f\u00f8r du ved pr\u00e6cis, hvor det sjove og fair spil foreg\u00e5r!<\/p>\n<\/blockquote>\n<\/div>\n<\/div>\n\n\n\n<hr class=\"wp-block-separator has-alpha-channel-opacity\"\/>\n\n\n\n<h2 class=\"wp-block-heading\" id=\"h-erhvervserfaring\">Erhvervserfaring<\/h2>\n\n\n\n<p>Sandra startede sin karriere som journalist hos SpilMagasinet.dk, hvor hun d\u00e6kkede alt fra br\u00e6tspil til online casinotendenser. Hendes evne til at g\u00f8re selv de t\u00f8rreste bonusvilk\u00e5r l\u00e6sevenlige og underholdende gjorde hende hurtigt til en favorit blandt l\u00e6serne og en naturlig stemme i spilf\u00e6llesskabet.<\/p>\n\n\n\n<p>Senere blev hun indholdsansvarlig hos CasinoGuiden.nu, hvor hun opbyggede et redaktionelt team og udviklede en testmetode til objektive casinobed\u00f8mmelser. I dag st\u00e5r hun i spidsen for TheGameRoom Danmark, hvor hun kombinerer struktur, erfaring og humor for at levere skarpe, brugervenlige og p\u00e5lidelige casinoanmeldelser til danske spillere.<\/p>\n\n\n\n<hr class=\"wp-block-separator has-alpha-channel-opacity\"\/>\n\n\n\n<h2 class=\"wp-block-heading\" id=\"h-ekspertise\">Ekspertise<\/h2>\n\n\n\n<ul class=\"wp-block-list\">\n<li>Redaktionel ledelse og indholdsstrategi for online casinoformidling<\/li>\n\n\n\n<li>Gennemgang og vurdering af bonusvilk\u00e5r og kampagner<\/li>\n\n\n\n<li>Afsl\u00f8ring af u\u00e6rlige eller vildledende casinopraksisser<\/li>\n\n\n\n<li>Skarp analyse af spiludvalg og brugeroplevelse<\/li>\n\n\n\n<li>Udvikling af testkriterier for fair og gennemsigtige anmeldelser<\/li>\n\n\n\n<li>Kommunikation med fokus p\u00e5 klarhed, humor og brugervenlighed<\/li>\n\n\n\n<li>Indsigt i danske spillere og lovgivningens indvirkning p\u00e5 markedet<\/li>\n<\/ul>\n\n\n\n<hr class=\"wp-block-separator has-alpha-channel-opacity\"\/>\n\n\n\n<h2 class=\"wp-block-heading\" id=\"h-undervisning\">Undervisning<\/h2>\n\n\n\n<p>K\u00f8benhavns Universitet (2005-2009)<\/p>\n","protected":false},"excerpt":{"rendered":"<p>Sandra Campbell: Chefredakt\u00f8r Sandra, chefredakt\u00f8r for den danske udgave af TheGameRoom, styrer spiluniverset med skarp pen og et k\u00e6kt smil. Hun kan skille et regels\u00e6t ad hurtigere end en korttryller og afsl\u00f8re et d\u00e5rligt casino p\u00e5 et splitsekund. Kort, terninger eller jetoner \u2013 Sandra ved altid, hvor det sjove sker! Jeg spotter et d\u00e5rligt casino &#8230; <a title=\"Sandra Campbell: Chefredakt\u00f8r\" class=\"read-more\" href=\"https:\/\/www.thegameroom.org\/dk\/om-os\/sandra-campbell\/\" aria-label=\"Read more about Sandra Campbell: Chefredakt\u00f8r\">L\u00e6s mere <\/a><\/p>\n","protected":false},"author":20,"featured_media":0,"parent":5297,"menu_order":0,"comment_status":"closed","ping_status":"closed","template":"","meta":{"_acf_changed":false,"om_disable_all_campaigns":false,"footnotes":""},"class_list":["post-5326","page","type-page","status-publish"],"acf":[],"featured_image_src":null,"yoast_head":"<!-- This site is optimized with the Yoast SEO Premium plugin v22.5 (Yoast SEO v27.3) - https:\/\/yoast.com\/product\/yoast-seo-premium-wordpress\/ -->\n<title>Sandra Campbell: Chefredakt\u00f8r<\/title>\n<meta name=\"description\" content=\"M\u00f8d Sandra Campbell, chefredakt\u00f8r for TheGameRoom Danmark, der guider dig gennem casinouniverset med skarphed, humor og \u00e6gte indsigt \u2013 s\u00e5 du altid spiller p\u00e5 det rette sted.\" \/>\n<meta name=\"robots\" content=\"index, follow, max-snippet:-1, max-image-preview:large, max-video-preview:-1\" \/>\n<link rel=\"canonical\" href=\"https:\/\/www.thegameroom.org\/dk\/om-os\/sandra-campbell\/\" \/>\n<meta property=\"og:locale\" content=\"da_DK\" \/>\n<meta property=\"og:type\" content=\"article\" \/>\n<meta property=\"og:title\" content=\"Sandra Campbell: Chefredakt\u00f8r\" \/>\n<meta property=\"og:description\" content=\"M\u00f8d Sandra Campbell, chefredakt\u00f8r for TheGameRoom Danmark, der guider dig gennem casinouniverset med skarphed, humor og \u00e6gte indsigt \u2013 s\u00e5 du altid spiller p\u00e5 det rette sted.\" \/>\n<meta property=\"og:url\" content=\"https:\/\/www.thegameroom.org\/dk\/om-os\/sandra-campbell\/\" \/>\n<meta property=\"og:site_name\" content=\"The Game Room DK\" \/>\n<meta property=\"article:modified_time\" content=\"2025-04-03T05:37:03+00:00\" \/>\n<meta property=\"og:image\" content=\"https:\/\/www.thegameroom.org\/dk\/wp-content\/uploads\/sites\/5\/2025\/03\/Sandra-Campbell-300px.jpg\" \/>\n\t<meta property=\"og:image:width\" content=\"300\" \/>\n\t<meta property=\"og:image:height\" content=\"300\" \/>\n\t<meta property=\"og:image:type\" content=\"image\/jpeg\" \/>\n<meta name=\"twitter:card\" content=\"summary_large_image\" \/>\n<meta name=\"twitter:label1\" content=\"Estimeret l\u00e6setid\" \/>\n\t<meta name=\"twitter:data1\" content=\"2 minutter\" \/>\n<script type=\"application\/ld+json\" class=\"yoast-schema-graph\">{\"@context\":\"https:\\\/\\\/schema.org\",\"@graph\":[{\"@type\":\"WebPage\",\"@id\":\"https:\\\/\\\/www.thegameroom.org\\\/dk\\\/om-os\\\/sandra-campbell\\\/\",\"url\":\"https:\\\/\\\/www.thegameroom.org\\\/dk\\\/om-os\\\/sandra-campbell\\\/\",\"name\":\"Sandra Campbell: Chefredakt\u00f8r\",\"isPartOf\":{\"@id\":\"https:\\\/\\\/www.thegameroom.org\\\/dk\\\/#website\"},\"primaryImageOfPage\":{\"@id\":\"https:\\\/\\\/www.thegameroom.org\\\/dk\\\/om-os\\\/sandra-campbell\\\/#primaryimage\"},\"image\":{\"@id\":\"https:\\\/\\\/www.thegameroom.org\\\/dk\\\/om-os\\\/sandra-campbell\\\/#primaryimage\"},\"thumbnailUrl\":\"https:\\\/\\\/www.thegameroom.org\\\/dk\\\/wp-content\\\/uploads\\\/sites\\\/5\\\/2025\\\/03\\\/Sandra-Campbell-300px.jpg\",\"datePublished\":\"2025-04-03T05:37:02+00:00\",\"dateModified\":\"2025-04-03T05:37:03+00:00\",\"description\":\"M\u00f8d Sandra Campbell, chefredakt\u00f8r for TheGameRoom Danmark, der guider dig gennem casinouniverset med skarphed, humor og \u00e6gte indsigt \u2013 s\u00e5 du altid spiller p\u00e5 det rette sted.\",\"breadcrumb\":{\"@id\":\"https:\\\/\\\/www.thegameroom.org\\\/dk\\\/om-os\\\/sandra-campbell\\\/#breadcrumb\"},\"inLanguage\":\"da-DK\",\"potentialAction\":[{\"@type\":\"ReadAction\",\"target\":[\"https:\\\/\\\/www.thegameroom.org\\\/dk\\\/om-os\\\/sandra-campbell\\\/\"]}]},{\"@type\":\"ImageObject\",\"inLanguage\":\"da-DK\",\"@id\":\"https:\\\/\\\/www.thegameroom.org\\\/dk\\\/om-os\\\/sandra-campbell\\\/#primaryimage\",\"url\":\"https:\\\/\\\/www.thegameroom.org\\\/dk\\\/wp-content\\\/uploads\\\/sites\\\/5\\\/2025\\\/03\\\/Sandra-Campbell-300px.jpg\",\"contentUrl\":\"https:\\\/\\\/www.thegameroom.org\\\/dk\\\/wp-content\\\/uploads\\\/sites\\\/5\\\/2025\\\/03\\\/Sandra-Campbell-300px.jpg\",\"width\":300,\"height\":300,\"caption\":\"Sandra Campbell 300px\"},{\"@type\":\"BreadcrumbList\",\"@id\":\"https:\\\/\\\/www.thegameroom.org\\\/dk\\\/om-os\\\/sandra-campbell\\\/#breadcrumb\",\"itemListElement\":[{\"@type\":\"ListItem\",\"position\":1,\"name\":\"Home\",\"item\":\"https:\\\/\\\/www.thegameroom.org\\\/dk\\\/\"},{\"@type\":\"ListItem\",\"position\":2,\"name\":\"Om os\",\"item\":\"https:\\\/\\\/www.thegameroom.org\\\/dk\\\/om-os\\\/\"},{\"@type\":\"ListItem\",\"position\":3,\"name\":\"Sandra Campbell\"}]},{\"@type\":\"WebSite\",\"@id\":\"https:\\\/\\\/www.thegameroom.org\\\/dk\\\/#website\",\"url\":\"https:\\\/\\\/www.thegameroom.org\\\/dk\\\/\",\"name\":\"The Game Room DK\",\"description\":\"TheGameRoom\u00a0is sinds 2017 de plek om uitgebreide informatie en spelregels\u00a0te vinden over allerhande spellen. Het platform is opgericht omdat wij als spelletjesliefhebbers regelmatig discussies hebben over de (interpretatie) van de spelregels. Sinds 2022 is het ook mogelijk om bij\u00a0The Gameroom Shop spellletjes aan te schaffen. Wij proberen een zo gevarieerd en uniek mogelijk aanbod te bieden, voor alle spelletjesliefhebbers.\",\"publisher\":{\"@id\":\"https:\\\/\\\/www.thegameroom.org\\\/dk\\\/#organization\"},\"potentialAction\":[{\"@type\":\"SearchAction\",\"target\":{\"@type\":\"EntryPoint\",\"urlTemplate\":\"https:\\\/\\\/www.thegameroom.org\\\/dk\\\/?s={search_term_string}\"},\"query-input\":{\"@type\":\"PropertyValueSpecification\",\"valueRequired\":true,\"valueName\":\"search_term_string\"}}],\"inLanguage\":\"da-DK\"},{\"@type\":\"Organization\",\"@id\":\"https:\\\/\\\/www.thegameroom.org\\\/dk\\\/#organization\",\"name\":\"The Game Room\",\"url\":\"https:\\\/\\\/www.thegameroom.org\\\/dk\\\/\",\"logo\":{\"@type\":\"ImageObject\",\"inLanguage\":\"da-DK\",\"@id\":\"https:\\\/\\\/www.thegameroom.org\\\/dk\\\/#\\\/schema\\\/logo\\\/image\\\/\",\"url\":\"https:\\\/\\\/www.thegameroom.org\\\/dk\\\/wp-content\\\/uploads\\\/sites\\\/5\\\/2025\\\/06\\\/thegameroom-favicon.png\",\"contentUrl\":\"https:\\\/\\\/www.thegameroom.org\\\/dk\\\/wp-content\\\/uploads\\\/sites\\\/5\\\/2025\\\/06\\\/thegameroom-favicon.png\",\"width\":192,\"height\":192,\"caption\":\"The Game Room\"},\"image\":{\"@id\":\"https:\\\/\\\/www.thegameroom.org\\\/dk\\\/#\\\/schema\\\/logo\\\/image\\\/\"},\"email\":\"info@thegameroom.org\"}]}<\/script>\n<!-- \/ Yoast SEO Premium plugin. -->","yoast_head_json":{"title":"Sandra Campbell: Chefredakt\u00f8r","description":"M\u00f8d Sandra Campbell, chefredakt\u00f8r for TheGameRoom Danmark, der guider dig gennem casinouniverset med skarphed, humor og \u00e6gte indsigt \u2013 s\u00e5 du altid spiller p\u00e5 det rette sted.","robots":{"index":"index","follow":"follow","max-snippet":"max-snippet:-1","max-image-preview":"max-image-preview:large","max-video-preview":"max-video-preview:-1"},"canonical":"https:\/\/www.thegameroom.org\/dk\/om-os\/sandra-campbell\/","og_locale":"da_DK","og_type":"article","og_title":"Sandra Campbell: Chefredakt\u00f8r","og_description":"M\u00f8d Sandra Campbell, chefredakt\u00f8r for TheGameRoom Danmark, der guider dig gennem casinouniverset med skarphed, humor og \u00e6gte indsigt \u2013 s\u00e5 du altid spiller p\u00e5 det rette sted.","og_url":"https:\/\/www.thegameroom.org\/dk\/om-os\/sandra-campbell\/","og_site_name":"The Game Room DK","article_modified_time":"2025-04-03T05:37:03+00:00","og_image":[{"width":300,"height":300,"url":"https:\/\/www.thegameroom.org\/dk\/wp-content\/uploads\/sites\/5\/2025\/03\/Sandra-Campbell-300px.jpg","type":"image\/jpeg"}],"twitter_card":"summary_large_image","twitter_misc":{"Estimeret l\u00e6setid":"2 minutter"},"schema":{"@context":"https:\/\/schema.org","@graph":[{"@type":"WebPage","@id":"https:\/\/www.thegameroom.org\/dk\/om-os\/sandra-campbell\/","url":"https:\/\/www.thegameroom.org\/dk\/om-os\/sandra-campbell\/","name":"Sandra Campbell: Chefredakt\u00f8r","isPartOf":{"@id":"https:\/\/www.thegameroom.org\/dk\/#website"},"primaryImageOfPage":{"@id":"https:\/\/www.thegameroom.org\/dk\/om-os\/sandra-campbell\/#primaryimage"},"image":{"@id":"https:\/\/www.thegameroom.org\/dk\/om-os\/sandra-campbell\/#primaryimage"},"thumbnailUrl":"https:\/\/www.thegameroom.org\/dk\/wp-content\/uploads\/sites\/5\/2025\/03\/Sandra-Campbell-300px.jpg","datePublished":"2025-04-03T05:37:02+00:00","dateModified":"2025-04-03T05:37:03+00:00","description":"M\u00f8d Sandra Campbell, chefredakt\u00f8r for TheGameRoom Danmark, der guider dig gennem casinouniverset med skarphed, humor og \u00e6gte indsigt \u2013 s\u00e5 du altid spiller p\u00e5 det rette sted.","breadcrumb":{"@id":"https:\/\/www.thegameroom.org\/dk\/om-os\/sandra-campbell\/#breadcrumb"},"inLanguage":"da-DK","potentialAction":[{"@type":"ReadAction","target":["https:\/\/www.thegameroom.org\/dk\/om-os\/sandra-campbell\/"]}]},{"@type":"ImageObject","inLanguage":"da-DK","@id":"https:\/\/www.thegameroom.org\/dk\/om-os\/sandra-campbell\/#primaryimage","url":"https:\/\/www.thegameroom.org\/dk\/wp-content\/uploads\/sites\/5\/2025\/03\/Sandra-Campbell-300px.jpg","contentUrl":"https:\/\/www.thegameroom.org\/dk\/wp-content\/uploads\/sites\/5\/2025\/03\/Sandra-Campbell-300px.jpg","width":300,"height":300,"caption":"Sandra Campbell 300px"},{"@type":"BreadcrumbList","@id":"https:\/\/www.thegameroom.org\/dk\/om-os\/sandra-campbell\/#breadcrumb","itemListElement":[{"@type":"ListItem","position":1,"name":"Home","item":"https:\/\/www.thegameroom.org\/dk\/"},{"@type":"ListItem","position":2,"name":"Om os","item":"https:\/\/www.thegameroom.org\/dk\/om-os\/"},{"@type":"ListItem","position":3,"name":"Sandra Campbell"}]},{"@type":"WebSite","@id":"https:\/\/www.thegameroom.org\/dk\/#website","url":"https:\/\/www.thegameroom.org\/dk\/","name":"The Game Room DK","description":"TheGameRoom\u00a0is sinds 2017 de plek om uitgebreide informatie en spelregels\u00a0te vinden over allerhande spellen. Het platform is opgericht omdat wij als spelletjesliefhebbers regelmatig discussies hebben over de (interpretatie) van de spelregels. Sinds 2022 is het ook mogelijk om bij\u00a0The Gameroom Shop spellletjes aan te schaffen. Wij proberen een zo gevarieerd en uniek mogelijk aanbod te bieden, voor alle spelletjesliefhebbers.","publisher":{"@id":"https:\/\/www.thegameroom.org\/dk\/#organization"},"potentialAction":[{"@type":"SearchAction","target":{"@type":"EntryPoint","urlTemplate":"https:\/\/www.thegameroom.org\/dk\/?s={search_term_string}"},"query-input":{"@type":"PropertyValueSpecification","valueRequired":true,"valueName":"search_term_string"}}],"inLanguage":"da-DK"},{"@type":"Organization","@id":"https:\/\/www.thegameroom.org\/dk\/#organization","name":"The Game Room","url":"https:\/\/www.thegameroom.org\/dk\/","logo":{"@type":"ImageObject","inLanguage":"da-DK","@id":"https:\/\/www.thegameroom.org\/dk\/#\/schema\/logo\/image\/","url":"https:\/\/www.thegameroom.org\/dk\/wp-content\/uploads\/sites\/5\/2025\/06\/thegameroom-favicon.png","contentUrl":"https:\/\/www.thegameroom.org\/dk\/wp-content\/uploads\/sites\/5\/2025\/06\/thegameroom-favicon.png","width":192,"height":192,"caption":"The Game Room"},"image":{"@id":"https:\/\/www.thegameroom.org\/dk\/#\/schema\/logo\/image\/"},"email":"info@thegameroom.org"}]}},"_links":{"self":[{"href":"https:\/\/www.thegameroom.org\/dk\/wp-json\/wp\/v2\/pages\/5326","targetHints":{"allow":["GET"]}}],"collection":[{"href":"https:\/\/www.thegameroom.org\/dk\/wp-json\/wp\/v2\/pages"}],"about":[{"href":"https:\/\/www.thegameroom.org\/dk\/wp-json\/wp\/v2\/types\/page"}],"author":[{"embeddable":true,"href":"https:\/\/www.thegameroom.org\/dk\/wp-json\/wp\/v2\/users\/20"}],"replies":[{"embeddable":true,"href":"https:\/\/www.thegameroom.org\/dk\/wp-json\/wp\/v2\/comments?post=5326"}],"version-history":[{"count":2,"href":"https:\/\/www.thegameroom.org\/dk\/wp-json\/wp\/v2\/pages\/5326\/revisions"}],"predecessor-version":[{"id":5332,"href":"https:\/\/www.thegameroom.org\/dk\/wp-json\/wp\/v2\/pages\/5326\/revisions\/5332"}],"up":[{"embeddable":true,"href":"https:\/\/www.thegameroom.org\/dk\/wp-json\/wp\/v2\/pages\/5297"}],"wp:attachment":[{"href":"https:\/\/www.thegameroom.org\/dk\/wp-json\/wp\/v2\/media?parent=5326"}],"curies":[{"name":"wp","href":"https:\/\/api.w.org\/{rel}","templated":true}]}}