{"id":5437,"date":"2025-03-06T07:28:52","date_gmt":"2025-03-06T07:28:52","guid":{"rendered":"https:\/\/www.thegameroom.org\/it\/?page_id=5437"},"modified":"2025-04-02T11:57:23","modified_gmt":"2025-04-02T11:57:23","slug":"disclaimer","status":"publish","type":"page","link":"https:\/\/www.thegameroom.org\/it\/disclaimer\/","title":{"rendered":"Dichiarazione di non responsabilit\u00e0"},"content":{"rendered":"\n<h1 class=\"wp-block-heading\" id=\"h-dichiarazione-di-non-responsabilita\">Dichiarazione di non responsabilit\u00e0<\/h1>\n\n\n\n<p>Per maggiore chiarezza, <strong>TheGameRoom<\/strong> (di seguito &#8220;TheGameRoom&#8221;) fornisce il seguente disclaimer relativo al sito web <strong>www.thegameroom.org<\/strong> (di seguito &#8220;il Sito Web&#8221;):<\/p>\n\n\n\n<hr class=\"wp-block-separator has-alpha-channel-opacity\"\/>\n\n\n\n<h2 class=\"wp-block-heading\" id=\"h-proprieta-e-copyright\">Propriet\u00e0 e Copyright<\/h2>\n\n\n\n<p>Il Sito Web, compreso il negozio online e la newsletter, e tutti i relativi contenuti\u2014ad eccezione di alcuni collegamenti ipertestuali\u2014sono di propriet\u00e0 di <strong>TheGameRoom<\/strong>.<\/p>\n\n\n\n<p>Non \u00e8 consentito pubblicare, copiare o archiviare alcuna parte del Sito Web o della newsletter senza il <strong>permesso scritto esplicito<\/strong> di <strong>TheGameRoom<\/strong>. Questo permesso non \u00e8 necessario per l&#8217;uso <strong>personale e non commerciale<\/strong>.<\/p>\n\n\n\n<hr class=\"wp-block-separator has-alpha-channel-opacity\"\/>\n\n\n\n<h2 class=\"wp-block-heading\" id=\"h-accuratezza-delle-informazioni\">Accuratezza delle Informazioni<\/h2>\n\n\n\n<p>Nonostante l&#8217;impegno costante di <strong>TheGameRoom<\/strong> per garantire l&#8217;accuratezza delle informazioni presenti sul Sito Web e nella newsletter, potrebbero occasionalmente verificarsi errori (inclusi, ma non limitati a, <strong>prezzi e dettagli dei prodotti<\/strong>).<\/p>\n\n\n\n<p>Non \u00e8 possibile <strong>richiedere la consegna di un prodotto<\/strong> sulla base di informazioni errate. <strong>TheGameRoom<\/strong> si riserva il diritto di <strong>annullare gli ordini<\/strong> qualora si basino su dettagli errati pubblicati sul Sito Web.<\/p>\n\n\n\n<hr class=\"wp-block-separator has-alpha-channel-opacity\"\/>\n\n\n\n<h2 class=\"wp-block-heading\" id=\"h-modifiche-e-aggiornamenti\">Modifiche e Aggiornamenti<\/h2>\n\n\n\n<p>I contenuti del Sito Web vengono regolarmente <strong>aggiornati e\/o modificati<\/strong>.<\/p>\n\n\n\n<p><strong>TheGameRoom<\/strong> si riserva il diritto di modificare <strong>termini, promozioni e offerte<\/strong> con effetto immediato e senza preavviso. Ci riserviamo inoltre il diritto di terminare anticipatamente eventuali promozioni a nostra discrezione.<\/p>\n\n\n\n<hr class=\"wp-block-separator has-alpha-channel-opacity\"\/>\n\n\n\n<h2 class=\"wp-block-heading\" id=\"h-nessuna-garanzia-o-assicurazione\">Nessuna Garanzia o Assicurazione<\/h2>\n\n\n\n<p>Tutte le informazioni, i prodotti e i servizi presenti sul Sito Web sono forniti <strong>&#8220;cos\u00ec come sono&#8221;<\/strong>, senza alcuna <strong>garanzia esplicita o implicita<\/strong> sulla loro <strong>disponibilit\u00e0, qualit\u00e0, idoneit\u00e0 per un determinato scopo o qualsiasi altra garanzia<\/strong>.<\/p>\n\n\n\n<hr class=\"wp-block-separator has-alpha-channel-opacity\"\/>\n\n\n\n<h2 class=\"wp-block-heading\" id=\"h-collegamenti-esterni\">Collegamenti Esterni<\/h2>\n\n\n\n<p>Alcuni <strong>collegamenti ipertestuali<\/strong> presenti sul Sito Web e nella newsletter possono indirizzarti a <strong>siti di terze parti<\/strong> al di fuori del dominio di <strong>TheGameRoom<\/strong>.<\/p>\n\n\n\n<p>Questi siti <strong>non sono di propriet\u00e0 n\u00e9 sotto il controllo di TheGameRoom<\/strong>. Cliccando su tali link, <strong>lascerai il nostro Sito Web<\/strong>. <strong>TheGameRoom<\/strong> non si assume <strong>alcuna responsabilit\u00e0<\/strong> per il contenuto di siti esterni.<\/p>\n\n\n\n<hr class=\"wp-block-separator has-alpha-channel-opacity\"\/>\n\n\n\n<h2 class=\"wp-block-heading\" id=\"h-limitazione-di-responsabilita\">Limitazione di Responsabilit\u00e0<\/h2>\n\n\n\n<p><strong>TheGameRoom<\/strong> non \u00e8 responsabile per <strong>eventuali danni diretti o indiretti<\/strong> di qualsiasi tipo derivanti dall&#8217;uso del <strong>Sito Web o della newsletter<\/strong>.<\/p>\n","protected":false},"excerpt":{"rendered":"<p>Dichiarazione di non responsabilit\u00e0 Per maggiore chiarezza, TheGameRoom (di seguito &#8220;TheGameRoom&#8221;) fornisce il seguente disclaimer relativo al sito web www.thegameroom.org (di seguito &#8220;il Sito Web&#8221;): Propriet\u00e0 e Copyright Il Sito Web, compreso il negozio online e la newsletter, e tutti i relativi contenuti\u2014ad eccezione di alcuni collegamenti ipertestuali\u2014sono di propriet\u00e0 di TheGameRoom. Non \u00e8 consentito &#8230; <a title=\"Dichiarazione di non responsabilit\u00e0\" class=\"read-more\" href=\"https:\/\/www.thegameroom.org\/it\/disclaimer\/\" aria-label=\"Per saperne di pi\u00f9 su Dichiarazione di non responsabilit\u00e0\">Leggi tutto<\/a><\/p>\n","protected":false},"author":10,"featured_media":0,"parent":0,"menu_order":0,"comment_status":"closed","ping_status":"closed","template":"","meta":{"_acf_changed":false,"om_disable_all_campaigns":false,"footnotes":""},"class_list":["post-5437","page","type-page","status-publish"],"acf":[],"featured_image_src":null,"yoast_head":"<!-- This site is optimized with the Yoast SEO Premium plugin v22.5 (Yoast SEO v27.3) - https:\/\/yoast.com\/product\/yoast-seo-premium-wordpress\/ -->\n<title>Dichiarazione di non responsabilit\u00e0<\/title>\n<meta name=\"description\" content=\"Leggi il disclaimer di TheGameRoom per informazioni importanti su contenuti del sito, accuratezza, responsabilit\u00e0 e collegamenti esterni. Rimani aggiornato sui nostri termini e politiche.\" \/>\n<meta name=\"robots\" content=\"index, follow, max-snippet:-1, max-image-preview:large, max-video-preview:-1\" \/>\n<link rel=\"canonical\" href=\"https:\/\/www.thegameroom.org\/it\/disclaimer\/\" \/>\n<meta property=\"og:locale\" content=\"it_IT\" \/>\n<meta property=\"og:type\" content=\"article\" \/>\n<meta property=\"og:title\" content=\"Dichiarazione di non responsabilit\u00e0\" \/>\n<meta property=\"og:description\" content=\"Leggi il disclaimer di TheGameRoom per informazioni importanti su contenuti del sito, accuratezza, responsabilit\u00e0 e collegamenti esterni. Rimani aggiornato sui nostri termini e politiche.\" \/>\n<meta property=\"og:url\" content=\"https:\/\/www.thegameroom.org\/it\/disclaimer\/\" \/>\n<meta property=\"og:site_name\" content=\"The Game Room IT\" \/>\n<meta property=\"article:modified_time\" content=\"2025-04-02T11:57:23+00:00\" \/>\n<meta name=\"twitter:card\" content=\"summary_large_image\" \/>\n<meta name=\"twitter:label1\" content=\"Tempo di lettura stimato\" \/>\n\t<meta name=\"twitter:data1\" content=\"2 minuti\" \/>\n<script type=\"application\/ld+json\" class=\"yoast-schema-graph\">{\"@context\":\"https:\\\/\\\/schema.org\",\"@graph\":[{\"@type\":\"WebPage\",\"@id\":\"https:\\\/\\\/www.thegameroom.org\\\/it\\\/disclaimer\\\/\",\"url\":\"https:\\\/\\\/www.thegameroom.org\\\/it\\\/disclaimer\\\/\",\"name\":\"Dichiarazione di non responsabilit\u00e0\",\"isPartOf\":{\"@id\":\"https:\\\/\\\/www.thegameroom.org\\\/it\\\/#website\"},\"datePublished\":\"2025-03-06T07:28:52+00:00\",\"dateModified\":\"2025-04-02T11:57:23+00:00\",\"description\":\"Leggi il disclaimer di TheGameRoom per informazioni importanti su contenuti del sito, accuratezza, responsabilit\u00e0 e collegamenti esterni. Rimani aggiornato sui nostri termini e politiche.\",\"breadcrumb\":{\"@id\":\"https:\\\/\\\/www.thegameroom.org\\\/it\\\/disclaimer\\\/#breadcrumb\"},\"inLanguage\":\"it-IT\",\"potentialAction\":[{\"@type\":\"ReadAction\",\"target\":[\"https:\\\/\\\/www.thegameroom.org\\\/it\\\/disclaimer\\\/\"]}]},{\"@type\":\"BreadcrumbList\",\"@id\":\"https:\\\/\\\/www.thegameroom.org\\\/it\\\/disclaimer\\\/#breadcrumb\",\"itemListElement\":[{\"@type\":\"ListItem\",\"position\":1,\"name\":\"Home\",\"item\":\"https:\\\/\\\/www.thegameroom.org\\\/it\\\/\"},{\"@type\":\"ListItem\",\"position\":2,\"name\":\"Dichiarazione di non responsabilit\u00e0\"}]},{\"@type\":\"WebSite\",\"@id\":\"https:\\\/\\\/www.thegameroom.org\\\/it\\\/#website\",\"url\":\"https:\\\/\\\/www.thegameroom.org\\\/it\\\/\",\"name\":\"The Game Room IT\",\"description\":\"TheGameRoom\u00a0is sinds 2017 de plek om uitgebreide informatie en spelregels\u00a0te vinden over allerhande spellen. Het platform is opgericht omdat wij als spelletjesliefhebbers regelmatig discussies hebben over de (interpretatie) van de spelregels. Sinds 2022 is het ook mogelijk om bij\u00a0The Gameroom Shop spellletjes aan te schaffen. Wij proberen een zo gevarieerd en uniek mogelijk aanbod te bieden, voor alle spelletjesliefhebbers.\",\"publisher\":{\"@id\":\"https:\\\/\\\/www.thegameroom.org\\\/it\\\/#organization\"},\"potentialAction\":[{\"@type\":\"SearchAction\",\"target\":{\"@type\":\"EntryPoint\",\"urlTemplate\":\"https:\\\/\\\/www.thegameroom.org\\\/it\\\/?s={search_term_string}\"},\"query-input\":{\"@type\":\"PropertyValueSpecification\",\"valueRequired\":true,\"valueName\":\"search_term_string\"}}],\"inLanguage\":\"it-IT\"},{\"@type\":\"Organization\",\"@id\":\"https:\\\/\\\/www.thegameroom.org\\\/it\\\/#organization\",\"name\":\"The Game Room\",\"url\":\"https:\\\/\\\/www.thegameroom.org\\\/it\\\/\",\"logo\":{\"@type\":\"ImageObject\",\"inLanguage\":\"it-IT\",\"@id\":\"https:\\\/\\\/www.thegameroom.org\\\/it\\\/#\\\/schema\\\/logo\\\/image\\\/\",\"url\":\"https:\\\/\\\/www.thegameroom.org\\\/it\\\/wp-content\\\/uploads\\\/sites\\\/4\\\/2025\\\/06\\\/thegameroom-favicon.png\",\"contentUrl\":\"https:\\\/\\\/www.thegameroom.org\\\/it\\\/wp-content\\\/uploads\\\/sites\\\/4\\\/2025\\\/06\\\/thegameroom-favicon.png\",\"width\":192,\"height\":192,\"caption\":\"The Game Room\"},\"image\":{\"@id\":\"https:\\\/\\\/www.thegameroom.org\\\/it\\\/#\\\/schema\\\/logo\\\/image\\\/\"},\"email\":\"info@thegameroom.org\"}]}<\/script>\n<!-- \/ Yoast SEO Premium plugin. -->","yoast_head_json":{"title":"Dichiarazione di non responsabilit\u00e0","description":"Leggi il disclaimer di TheGameRoom per informazioni importanti su contenuti del sito, accuratezza, responsabilit\u00e0 e collegamenti esterni. Rimani aggiornato sui nostri termini e politiche.","robots":{"index":"index","follow":"follow","max-snippet":"max-snippet:-1","max-image-preview":"max-image-preview:large","max-video-preview":"max-video-preview:-1"},"canonical":"https:\/\/www.thegameroom.org\/it\/disclaimer\/","og_locale":"it_IT","og_type":"article","og_title":"Dichiarazione di non responsabilit\u00e0","og_description":"Leggi il disclaimer di TheGameRoom per informazioni importanti su contenuti del sito, accuratezza, responsabilit\u00e0 e collegamenti esterni. Rimani aggiornato sui nostri termini e politiche.","og_url":"https:\/\/www.thegameroom.org\/it\/disclaimer\/","og_site_name":"The Game Room IT","article_modified_time":"2025-04-02T11:57:23+00:00","twitter_card":"summary_large_image","twitter_misc":{"Tempo di lettura stimato":"2 minuti"},"schema":{"@context":"https:\/\/schema.org","@graph":[{"@type":"WebPage","@id":"https:\/\/www.thegameroom.org\/it\/disclaimer\/","url":"https:\/\/www.thegameroom.org\/it\/disclaimer\/","name":"Dichiarazione di non responsabilit\u00e0","isPartOf":{"@id":"https:\/\/www.thegameroom.org\/it\/#website"},"datePublished":"2025-03-06T07:28:52+00:00","dateModified":"2025-04-02T11:57:23+00:00","description":"Leggi il disclaimer di TheGameRoom per informazioni importanti su contenuti del sito, accuratezza, responsabilit\u00e0 e collegamenti esterni. Rimani aggiornato sui nostri termini e politiche.","breadcrumb":{"@id":"https:\/\/www.thegameroom.org\/it\/disclaimer\/#breadcrumb"},"inLanguage":"it-IT","potentialAction":[{"@type":"ReadAction","target":["https:\/\/www.thegameroom.org\/it\/disclaimer\/"]}]},{"@type":"BreadcrumbList","@id":"https:\/\/www.thegameroom.org\/it\/disclaimer\/#breadcrumb","itemListElement":[{"@type":"ListItem","position":1,"name":"Home","item":"https:\/\/www.thegameroom.org\/it\/"},{"@type":"ListItem","position":2,"name":"Dichiarazione di non responsabilit\u00e0"}]},{"@type":"WebSite","@id":"https:\/\/www.thegameroom.org\/it\/#website","url":"https:\/\/www.thegameroom.org\/it\/","name":"The Game Room IT","description":"TheGameRoom\u00a0is sinds 2017 de plek om uitgebreide informatie en spelregels\u00a0te vinden over allerhande spellen. Het platform is opgericht omdat wij als spelletjesliefhebbers regelmatig discussies hebben over de (interpretatie) van de spelregels. Sinds 2022 is het ook mogelijk om bij\u00a0The Gameroom Shop spellletjes aan te schaffen. Wij proberen een zo gevarieerd en uniek mogelijk aanbod te bieden, voor alle spelletjesliefhebbers.","publisher":{"@id":"https:\/\/www.thegameroom.org\/it\/#organization"},"potentialAction":[{"@type":"SearchAction","target":{"@type":"EntryPoint","urlTemplate":"https:\/\/www.thegameroom.org\/it\/?s={search_term_string}"},"query-input":{"@type":"PropertyValueSpecification","valueRequired":true,"valueName":"search_term_string"}}],"inLanguage":"it-IT"},{"@type":"Organization","@id":"https:\/\/www.thegameroom.org\/it\/#organization","name":"The Game Room","url":"https:\/\/www.thegameroom.org\/it\/","logo":{"@type":"ImageObject","inLanguage":"it-IT","@id":"https:\/\/www.thegameroom.org\/it\/#\/schema\/logo\/image\/","url":"https:\/\/www.thegameroom.org\/it\/wp-content\/uploads\/sites\/4\/2025\/06\/thegameroom-favicon.png","contentUrl":"https:\/\/www.thegameroom.org\/it\/wp-content\/uploads\/sites\/4\/2025\/06\/thegameroom-favicon.png","width":192,"height":192,"caption":"The Game Room"},"image":{"@id":"https:\/\/www.thegameroom.org\/it\/#\/schema\/logo\/image\/"},"email":"info@thegameroom.org"}]}},"_links":{"self":[{"href":"https:\/\/www.thegameroom.org\/it\/wp-json\/wp\/v2\/pages\/5437","targetHints":{"allow":["GET"]}}],"collection":[{"href":"https:\/\/www.thegameroom.org\/it\/wp-json\/wp\/v2\/pages"}],"about":[{"href":"https:\/\/www.thegameroom.org\/it\/wp-json\/wp\/v2\/types\/page"}],"author":[{"embeddable":true,"href":"https:\/\/www.thegameroom.org\/it\/wp-json\/wp\/v2\/users\/10"}],"replies":[{"embeddable":true,"href":"https:\/\/www.thegameroom.org\/it\/wp-json\/wp\/v2\/comments?post=5437"}],"version-history":[{"count":1,"href":"https:\/\/www.thegameroom.org\/it\/wp-json\/wp\/v2\/pages\/5437\/revisions"}],"predecessor-version":[{"id":5438,"href":"https:\/\/www.thegameroom.org\/it\/wp-json\/wp\/v2\/pages\/5437\/revisions\/5438"}],"wp:attachment":[{"href":"https:\/\/www.thegameroom.org\/it\/wp-json\/wp\/v2\/media?parent=5437"}],"curies":[{"name":"wp","href":"https:\/\/api.w.org\/{rel}","templated":true}]}}